{"id":8995,"date":"2023-08-24T10:51:25","date_gmt":"2023-08-24T09:51:25","guid":{"rendered":"https:\/\/www.eninter.com\/politica-de-cookies\/"},"modified":"2025-01-08T09:18:23","modified_gmt":"2025-01-08T09:18:23","slug":"politica-de-cookies","status":"publish","type":"page","link":"https:\/\/www.eninter.com\/ca\/politica-de-cookies\/","title":{"rendered":"Pol\u00edtica de cookies"},"content":{"rendered":"<h2>Pol\u00edtica de cookies<\/h2>\n<p>ASCENSORS ENINTER, S.L., titular del Lloc Web (www.eninter.com), utilitza cookies de tercers per a diferents finalitats. ASCENSORS ENINTER, S.L. recorre a l&#8217;\u00fas de cookies als efectes de complir amb les exig\u00e8ncies legals previstes en la Llei 34\/2002, d&#8217;11 de juliol, de serveis de la societat de la informaci\u00f3 i de comer\u00e7 electr\u00f2nic.<br \/>La present Pol\u00edtica de Cookies t\u00e9 per objecte informar-lo de manera clara i precisa sobre les cookies que utilitzem, la informaci\u00f3 que recopilem a trav\u00e9s d&#8217;aquestes i per a quines finalitats s&#8217;utilitza aquesta informaci\u00f3.<br \/>Per obtenir m\u00e9s informaci\u00f3 sobre com utilitzem, emmagatzemem i mantenim segurs les seves dades personals pot consultar la nostra <a href=\"https:\/\/www.eninter.com\/ca\/politica-de-privacitat\/\">Pol\u00edtica de privacitat<\/a>.<\/p>\n<p><strong>1. QU\u00c8 S\u00d3N LES COOKIES I QUINA \u00c9S LA SEVA FINALITAT?<\/strong><\/p>\n<p>Una &#8220;cookie&#8221; \u00e9s un arxiu que s&#8217;emmagatzema a l&#8217;ordinador, tablet, smartphone o qualsevol altre dispositiu de l&#8217;usuari, amb la finalitat de recaptar i emmagatzemar informaci\u00f3 sobre l&#8217;\u00fas, per part d&#8217;aquest \u00faltim, del Lloc Web (article 22.2 LSSI).<\/p>\n<p><strong>2. QUIN TIPUS DE COOKIES EXISTEIXEN?<\/strong><\/p>\n<p>A continuaci\u00f3, s&#8217;exposa una classificaci\u00f3 de les cookies que existeixen i poden arribar a ser utilitzades en el nostre Lloc Web, tenint en compte que una mateixa cookie pot estar inclosa en m\u00e9s d&#8217;una categoria.<br \/>1) Segons l&#8217; entitat que les gestiona<br \/>&#8211; Cookies pr\u00f2pies: aquelles que s&#8217;envien al seu equip des dels nostres propis equips o dominis i des del qual prestem el servei que ens demana.<br \/>&#8211; Cookies de tercers: aquelles que s&#8217;envien al seu equip des d&#8217;un equip o domini que no \u00e9s gestionat per ASCENSORES ENINTER, S.L., sin\u00f3 per una altra entitat col\u00b7laboradora.<br \/>2) Segons el termini de temps que romanen actives<br \/>&#8211; Cookies de sessi\u00f3: cookies temporals dissenyades per recaptar i emmagatzemar dades mentre accedeix al nostre Lloc Web, desapareixent la informaci\u00f3 una vegada es tanca la sessi\u00f3 (per la qual cosa cap dada queda emmagatzemada al terminal).<br \/>&#8211; Cookies persistents: les dades s&#8217;emmagatzemen al terminal i poden ser accedits i tractats durant un per\u00edode de temps determinat.<br \/>3) Segons la finalitat<br \/>&#8211; Cookies t\u00e8cniques: aquelles que permeten la navegaci\u00f3 a trav\u00e9s del Lloc Web, incloent aquelles utilitzades per a la gesti\u00f3 del Lloc Web i l&#8217;habilitaci\u00f3 de les seves funcions i serveis (ex.: controlar el tr\u00e0nsit i la comunicaci\u00f3 de dades, identificar la sessi\u00f3, accedir a parts d&#8217;acc\u00e9s restringit, etc.).<br \/>&#8211; Cookies de personalitzaci\u00f3: aquelles que permeten recordar informaci\u00f3 perqu\u00e8 pugui accedir al Lloc Web amb determinades caracter\u00edstiques que poden diferenciar la seva experi\u00e8ncia de la d&#8217;altres usuaris (ex.: l&#8217;idioma, el nombre de resultats a mostrar quan l&#8217;usuari realitza una recerca, l&#8217;aspecte o contingut del servei en funci\u00f3 del tipus de navegador a trav\u00e9s del qual l&#8217;usuari accedeix al servei o de la regi\u00f3 des de la qual accedeix al servei,  etc.).<br \/>&#8211; Cookies d&#8217; an\u00e0lisi o mesurament: aquelles que permeten al responsable de les mateixes el seguiment i an\u00e0lisi del comportament dels usuaris, inclosa la quantificaci\u00f3 dels impactes dels anuncis. La informaci\u00f3 recollida mitjan\u00e7ant aquest tipus de cookies s&#8217;utilitza en el mesurament de l&#8217;activitat del Lloc Web per tal d&#8217;introduir millores en funci\u00f3 de l&#8217;an\u00e0lisi de les dades d&#8217;\u00fas que fan els usuaris.<br \/>&#8211; Cookies de publicitat comportamental: aquelles que emmagatzemen informaci\u00f3 del comportament dels usuaris obtinguda a trav\u00e9s de l&#8217; observaci\u00f3 continuada dels seus h\u00e0bits de navegaci\u00f3, la qual cosa permet desenvolupar un perfil espec\u00edfic per mostrar publicitat en funci\u00f3 del mateix.<\/p>\n<p><strong>3. QUINES COOKIES UTILITZEM AL NOSTRE LLOC WEB?<\/strong><\/p>\n<p>A la nostra p\u00e0gina web utilitzem les cookies de Google Analytics:<br \/>_ga: T\u00e9 una durada de 2 anys. Es fa servir per distingir els usuaris.<br \/>_gid: T\u00e9 una durada de 24 hores. Es fa servir per distingir els usuaris.<br \/>_gat: T\u00e9 una durada d&#8217; 1 minut. Es fa servir per limitar el percentatge de sol\u00b7licituds.<br \/>AMP_TOKEN: T\u00e9 una durada de 30 segons a 1 any. Inclou un token que es pot utilitzar per recuperar un ID de client del servei d&#8217; IDs de client d&#8217; AMP. Altres possibles valors indiquen inhabilitacions, sol\u00b7licituds en curs o errors obtinguts en recuperar un IDs del servei d&#8217;IDs de client d&#8217;AMP.<br \/>_gac_: T\u00e9 una durada de 90 dies. Inclou informaci\u00f3 de la campanya relativa a l&#8217; usuari.<\/p>\n<p>A la nostra p\u00e0gina web utilitzem les seg\u00fcents cookies t\u00e8cniques:<br \/>ssi&#8211;sessionId T\u00e9 una durada de 365 dies. \u00c9s una cookie t\u00e8cnica i s&#8217;utilitza per realitzar recerques a la p\u00e0gina web.<br \/>ssi&#8211;lastInteraction Tenen una durada de 10 minuts. \u00c9s una cookie t\u00e8cnica i s&#8217;utilitza per realitzar recerques a la p\u00e0gina web.<br \/>Cookies de sessi\u00f3 de PHP S\u00f3n cookies t\u00e8cniques i s&#8217;eliminen en tancar el navegador.<\/p>\n<p><strong>4. DURANT QUANT TEMPS CONSERVAREM LA INFORMACI\u00d3?<\/strong><\/p>\n<p>En compliment de l&#8217;article 13.2 del Reglament (UE) 2016\/679, mantindrem la informaci\u00f3 recaptada a trav\u00e9s de les cookies durant el temps imprescindible per complir amb les finalitats indicades en cada cookie.<\/p>\n<p><strong>5. COM CONFIGURAR O DESHABILITAR LES COOKIES?<\/strong><\/p>\n<p>La legitimaci\u00f3 d&#8217;ASCENSORS ENINTER, S.L. per a l&#8217;\u00fas de cookies est\u00e0 basada en el consentiment expr\u00e9s conforme l&#8217;article 6.1.a) del Reglament (UE) 2016\/679.<br \/>El consentiment que ens ha prestat \u00e9s aplicable a les cookies del present Lloc Web (https:\/\/www.eninter.com\/) i dels llocs web dels tercers amb els quals col\u00b7laborem, especificats en l&#8217;apartat &#8220;quines cookies utilitzem al nostre lloc web?&#8221; de la present Pol\u00edtica.<br \/>Pot restringir, bloquejar o esborrar les cookies instal\u00b7lades en el seu equip mitjan\u00e7ant la configuraci\u00f3 de les opcions del seu navegador d&#8217;Internet:<br \/>&#8211; Google Chrome: (https:\/\/support.google.com\/accounts\/answer\/61416?co=GENIE.Platform=Desktop&amp;hl=es#)<br \/>&#8211; Mozilla Firefox: (https:\/\/support.mozilla.org\/es\/kb\/habilitar-y-deshabilitar-cookies-sitios-web-rastrear-preferencias)<br \/>&#8211; Internet Explorer: (https:\/\/support.microsoft.com\/es-es\/topic\/eliminar-y-administrar-cookies-168dab11-0753-043d-7c16-ede5947fc64d)<br \/>&#8211; Safari: (https:\/\/support.apple.com\/es-es\/guide\/safari\/sfri11471\/mac)<\/p>\n<p>La present Pol\u00edtica de Cookies (revisada el mes de desembre de 2022 per tal d&#8217;adaptar-la a la Guia de Cookies de l&#8217;AEPD) ser\u00e0 objecte de modificaci\u00f3 sempre que resulti necessari per tal d&#8217;adaptar-la a l&#8217;actualitat legislativa de cada moment o a qualsevol variaci\u00f3 en el tipus de cookies utilitzades en el Lloc Web. Per aix\u00f2, li recomanem revisar la present Pol\u00edtica cada vegada que accedeixi al nostre Lloc Web amb l&#8217;objectiu de mantenir-se informat sobre com i per a qu\u00e8 fem servir les cookies.<\/p>\n","protected":false},"excerpt":{"rendered":"<p>Pol\u00edtica de cookies ASCENSORS ENINTER, S.L., titular del Lloc Web (www.eninter.com), utilitza cookies de tercers per a diferents finalitats. ASCENSORS ENINTER, S.L. recorre a l&#8217;\u00fas de cookies als efectes de complir amb les exig\u00e8ncies legals previstes en la Llei 34\/2002, d&#8217;11 de juliol, de serveis de la societat de la informaci\u00f3 i de comer\u00e7 electr\u00f2nic.La [&hellip;]<\/p>\n","protected":false},"author":3,"featured_media":0,"parent":0,"menu_order":0,"comment_status":"closed","ping_status":"closed","template":"","meta":{"_acf_changed":false,"content-type":"","footnotes":""},"categories":[],"class_list":["post-8995","page","type-page","status-publish","hentry"],"acf":[],"_yoast_wpseo_focuskw":null,"_yoast_wpseo_metadesc":null,"yoast_head":"<!-- This site is optimized with the Yoast SEO Premium plugin v21.6 (Yoast SEO v27.2) - https:\/\/yoast.com\/product\/yoast-seo-premium-wordpress\/ -->\n<title>Pol\u00edtica de cookies - ENINTER<\/title>\n<meta name=\"robots\" content=\"noindex, nofollow\" \/>\n<meta property=\"og:locale\" content=\"ca_ES\" \/>\n<meta property=\"og:type\" content=\"article\" \/>\n<meta property=\"og:title\" content=\"Pol\u00edtica de cookies\" \/>\n<meta property=\"og:description\" content=\"Pol\u00edtica de cookies ASCENSORS ENINTER, S.L., titular del Lloc Web (www.eninter.com), utilitza cookies de tercers per a diferents finalitats. ASCENSORS ENINTER, S.L. recorre a l&#8217;\u00fas de cookies als efectes de complir amb les exig\u00e8ncies legals previstes en la Llei 34\/2002, d&#8217;11 de juliol, de serveis de la societat de la informaci\u00f3 i de comer\u00e7 electr\u00f2nic.La [&hellip;]\" \/>\n<meta property=\"og:url\" content=\"https:\/\/www.eninter.com\/ca\/politica-de-cookies\/\" \/>\n<meta property=\"og:site_name\" content=\"ENINTER\" \/>\n<meta property=\"article:publisher\" content=\"https:\/\/www.facebook.com\/EninterAscensores\" \/>\n<meta property=\"article:modified_time\" content=\"2025-01-08T09:18:23+00:00\" \/>\n<meta name=\"twitter:card\" content=\"summary_large_image\" \/>\n<meta name=\"twitter:site\" content=\"@Eninter\" \/>\n<meta name=\"twitter:label1\" content=\"Temps estimat de lectura\" \/>\n\t<meta name=\"twitter:data1\" content=\"5 minuts\" \/>\n<!-- \/ Yoast SEO Premium plugin. -->","yoast_head_json":{"title":"Pol\u00edtica de cookies - ENINTER","robots":{"index":"noindex","follow":"nofollow"},"og_locale":"ca_ES","og_type":"article","og_title":"Pol\u00edtica de cookies","og_description":"Pol\u00edtica de cookies ASCENSORS ENINTER, S.L., titular del Lloc Web (www.eninter.com), utilitza cookies de tercers per a diferents finalitats. ASCENSORS ENINTER, S.L. recorre a l&#8217;\u00fas de cookies als efectes de complir amb les exig\u00e8ncies legals previstes en la Llei 34\/2002, d&#8217;11 de juliol, de serveis de la societat de la informaci\u00f3 i de comer\u00e7 electr\u00f2nic.La [&hellip;]","og_url":"https:\/\/www.eninter.com\/ca\/politica-de-cookies\/","og_site_name":"ENINTER","article_publisher":"https:\/\/www.facebook.com\/EninterAscensores","article_modified_time":"2025-01-08T09:18:23+00:00","twitter_card":"summary_large_image","twitter_site":"@Eninter","twitter_misc":{"Temps estimat de lectura":"5 minuts"},"schema":{"@context":"https:\/\/schema.org","@graph":[{"@type":"WebPage","@id":"https:\/\/www.eninter.com\/ca\/politica-de-cookies\/","url":"https:\/\/www.eninter.com\/ca\/politica-de-cookies\/","name":"Pol\u00edtica de cookies - ENINTER","isPartOf":{"@id":"https:\/\/www.eninter.com\/ca\/#website"},"datePublished":"2023-08-24T09:51:25+00:00","dateModified":"2025-01-08T09:18:23+00:00","breadcrumb":{"@id":"https:\/\/www.eninter.com\/ca\/politica-de-cookies\/#breadcrumb"},"inLanguage":"ca","potentialAction":[{"@type":"ReadAction","target":["https:\/\/www.eninter.com\/ca\/politica-de-cookies\/"]}]},{"@type":"BreadcrumbList","@id":"https:\/\/www.eninter.com\/ca\/politica-de-cookies\/#breadcrumb","itemListElement":[{"@type":"ListItem","position":1,"name":"Portada","item":"https:\/\/www.eninter.com\/ca\/"},{"@type":"ListItem","position":2,"name":"Pol\u00edtica de cookies"}]},{"@type":"WebSite","@id":"https:\/\/www.eninter.com\/ca\/#website","url":"https:\/\/www.eninter.com\/ca\/","name":"ENINTER","description":"Mantenimiento de Ascensores Multimarca","publisher":{"@id":"https:\/\/www.eninter.com\/ca\/#organization"},"potentialAction":[{"@type":"SearchAction","target":{"@type":"EntryPoint","urlTemplate":"https:\/\/www.eninter.com\/ca\/?s={search_term_string}"},"query-input":{"@type":"PropertyValueSpecification","valueRequired":true,"valueName":"search_term_string"}}],"inLanguage":"ca"},{"@type":"Organization","@id":"https:\/\/www.eninter.com\/ca\/#organization","name":"Eniter","url":"https:\/\/www.eninter.com\/ca\/","logo":{"@type":"ImageObject","inLanguage":"ca","@id":"https:\/\/www.eninter.com\/ca\/#\/schema\/logo\/image\/","url":"https:\/\/www.eninter.com\/wp-content\/uploads\/2023\/08\/logo-eninter-png.png","contentUrl":"https:\/\/www.eninter.com\/wp-content\/uploads\/2023\/08\/logo-eninter-png.png","width":600,"height":340,"caption":"Eniter"},"image":{"@id":"https:\/\/www.eninter.com\/ca\/#\/schema\/logo\/image\/"},"sameAs":["https:\/\/www.facebook.com\/EninterAscensores","https:\/\/x.com\/Eninter","https:\/\/www.instagram.com\/eninterascensores\/","https:\/\/www.youtube.com\/user\/ascensoreseninter"]}]}},"_links":{"self":[{"href":"https:\/\/www.eninter.com\/ca\/wp-json\/wp\/v2\/pages\/8995","targetHints":{"allow":["GET"]}}],"collection":[{"href":"https:\/\/www.eninter.com\/ca\/wp-json\/wp\/v2\/pages"}],"about":[{"href":"https:\/\/www.eninter.com\/ca\/wp-json\/wp\/v2\/types\/page"}],"author":[{"embeddable":true,"href":"https:\/\/www.eninter.com\/ca\/wp-json\/wp\/v2\/users\/3"}],"replies":[{"embeddable":true,"href":"https:\/\/www.eninter.com\/ca\/wp-json\/wp\/v2\/comments?post=8995"}],"version-history":[{"count":0,"href":"https:\/\/www.eninter.com\/ca\/wp-json\/wp\/v2\/pages\/8995\/revisions"}],"wp:attachment":[{"href":"https:\/\/www.eninter.com\/ca\/wp-json\/wp\/v2\/media?parent=8995"}],"wp:term":[{"taxonomy":"category","embeddable":true,"href":"https:\/\/www.eninter.com\/ca\/wp-json\/wp\/v2\/categories?post=8995"}],"curies":[{"name":"wp","href":"https:\/\/api.w.org\/{rel}","templated":true}]}}