{"id":8997,"date":"2023-05-22T06:41:38","date_gmt":"2023-05-22T05:41:38","guid":{"rendered":"https:\/\/www.eninter.com\/politica-de-privacitat\/"},"modified":"2025-09-01T15:43:56","modified_gmt":"2025-09-01T14:43:56","slug":"politica-de-privacitat","status":"publish","type":"page","link":"https:\/\/www.eninter.com\/ca\/politica-de-privacitat\/","title":{"rendered":"Pol\u00edtica de privacitat"},"content":{"rendered":"<p>\n&#13;\n<h2 class=\"wp-block-heading\">Pol\u00edtica de privacitat<\/h2>&#13;\n<p><b>INFORMACI\u00d3N B\u00c1SICA SOBRE PROTECCI\u00d3N DE DATOS<\/b><\/p>&#13;\n<p>Responsable:\u00a0ASCENSORES ENINTER, S.L.<\/p>&#13;\n<p>Finalidad:\u00a0Utilizamos sus datos, entre otras finalidades, para gestionar la contrataci\u00f3n de productos y servicios, atender sus consultas, as\u00ed como para, en su caso, enviarle comunicaciones personalizadas.<\/p>&#13;\n<p>Legitimaci\u00f3n:\u00a0La legitimaci\u00f3n para el tratamiento de sus datos reside, principalmente, en el consentimiento expreso del usuario.<\/p>&#13;\n<p>Destinatarios:\u00a0Sus datos ser\u00e1n tratados por otras empresas del Grupo y terceros colaboradores que trabajan con ASCENSORES ENINTER, S.L.<\/p>&#13;\n<p>Derechos:\u00a0Tiene derecho a acceder, rectificar, suprimir, oponerse, limitar y solicitar la portabilidad de sus datos personales.<br\/>Informaci\u00f3n adicional:\u00a0Puede consultar informaci\u00f3n adicional y detallada sobre c\u00f3mo gestionamos sus datos personales y los derechos de los que dispone, consultando el texto completo de la Pol\u00edtica de Privacidad que sigue a continuaci\u00f3n, as\u00ed como la\u00a0<a href=\"https:\/\/www.eninter.com\/politica-de-cookies\/\">Pol\u00edtica de Cookies<\/a>.<\/p>&#13;\n<p><b>INFORMACI\u00d3N ADICIONAL SOBRE PROTECCI\u00d3N DE DATOS<\/b><\/p>&#13;\n<p>ASCENSORES ENINTER, S.L. se compromete, en calidad de Responsable del Tratamiento de sus datos personales, a adoptar las medidas t\u00e9cnicas y organizativas necesarias a fin de garantizar que el tratamiento de sus datos es conforme con las disposiciones del Reglamento (UE) 2016\/679 (en adelante, \u201cRGPD\u201d) y la Ley Org\u00e1nica 3\/2018, de 5 de diciembre, de Protecci\u00f3n de Datos Personales y garant\u00eda de los derechos digitales (en delante, Ley Org\u00e1nica 3\/2018).<\/p>&#13;\n<p>ASCENSORES ENINTER, S.L. trata sus datos personales de manera l\u00edcita y leal, asegur\u00e1ndose que \u00e9stos reciben la protecci\u00f3n adecuada y que no son objeto de utilizaci\u00f3n indebida. Asimismo, la voluntad de ASCENSORES ENINTER, S.L. es la de ser transparente en el \u00e1mbito de la gesti\u00f3n de los datos personales de sus clientes y usuarios, poniendo a su disposici\u00f3n toda la informaci\u00f3n necesaria acerca de la recopilaci\u00f3n y tratamiento de sus datos.<\/p>&#13;\n<p>Por tanto, el objetivo de la presente Pol\u00edtica de Privacidad es informarle sobre qui\u00e9n tratar\u00e1 sus datos personales, por qu\u00e9 recogemos estos datos, durante cu\u00e1nto tiempo conservaremos los datos recogidos, a qui\u00e9n los cederemos y cu\u00e1les son sus derechos en el presente \u00e1mbito.<\/p>&#13;\n<p>Al facilitarnos su informaci\u00f3n personal y utilizar nuestro Sitio Web, entendemos que ha le\u00eddo y comprendido la informaci\u00f3n en materia de protecci\u00f3n de datos de car\u00e1cter personal expuesta en la presente Pol\u00edtica de Privacidad y en la\u00a0<a href=\"https:\/\/www.eninter.com\/politica-de-cookies\/\">Pol\u00edtica de Cookies<\/a>.<\/p>&#13;\n<p><b>1. \u00bfQUI\u00c9N ES EL RESPONSABLE DEL TRATAMIENTO DE SUS DATOS?<\/b><\/p>&#13;\n<p>El Responsable del Tratamiento de sus datos personales es:<\/p>&#13;\n<p>Denominaci\u00f3n social:\u00a0ASCENSORES ENINTER, S.L.<br\/>N.I.F:\u00a0B08875205<br\/>Tel\u00e9fono:\u00a0933 77 94 51<br\/>Direcci\u00f3n postal:\u00a0Ctra. de l\u2019Hospitalet, 52, 08940, Cornell\u00e0 de Llobregat (Barcelona)<br\/>Correo electr\u00f3nico:\u00a0protecciondatos@eninter.com<\/p>&#13;\n<p><b>2. \u00bfCON QU\u00c9 FINALIDAD TRATAMOS SUS DATOS PERSONALES?<\/b><\/p>&#13;\n<p>Dependiendo de los productos, servicios o funcionalidades solicitados por los clientes y usuarios, ASCENSORES ENINTER, S.L. necesitar\u00e1 tratar con unos datos u otros que, en general, ser\u00e1n los siguientes:<\/p>&#13;\n<p>&#8211; Datos\u00a0identificativos y de contacto: nombre, apellidos, tel\u00e9fono de contacto, direcci\u00f3n postal, correo electr\u00f3nico, entre otros;<br\/>&#8211;\u00a0Datos recogidos autom\u00e1ticamente: al interactuar con nuestro Sitio Web ciertos datos de navegaci\u00f3n se recopilan autom\u00e1ticamente. Esta informaci\u00f3n se recaba a trav\u00e9s de cookies, cuya regulaci\u00f3n queda detallada en la Pol\u00edtica de Cookies de ASCENSORES ENINTER, S.L.;<\/p>&#13;\n<p>La informaci\u00f3n que podemos recoger autom\u00e1ticamente hace referencia a su utilizaci\u00f3n de nuestro Sitio Web y a los dispositivos que utiliza para acceder e interactuar con \u00e9ste. Algunos de los datos que recopilamos son: la direcci\u00f3n IP, el programa de navegaci\u00f3n que utiliza, la fecha y hora del acceso al Sitio Web, la direcci\u00f3n de Internet de la web por la que accedi\u00f3 a nuestro Sitio Web, informaci\u00f3n sobre las p\u00e1ginas visitadas por el usuario dentro del Sitio Web y el tiempo de navegaci\u00f3n en cada p\u00e1gina; entre otros.<\/p>&#13;\n<p>Los datos personales recopilados son tratados para las siguientes finalidades:<\/p>&#13;\n<p>&#8211;\u00a0Gestionar la contrataci\u00f3n de los productos y servicios ofrecidos por ASCENSORES ENINTER, S.L.: poder proporcionarle el producto o servicio que solicite y poder operar nuestro negocio a nivel interno (en t\u00e9rminos de contabilidad, auditor\u00eda y otras funciones internas);<br\/>&#8211;\u00a0Selecci\u00f3n de personal\u00a0mediante la recepci\u00f3n de CV;<br\/>&#8211;\u00a0An\u00e1lisis de la calidad: realizar encuestas sobre la satisfacci\u00f3n de los clientes y usuarios en relaci\u00f3n con la calidad de los productos y servicios ofrecidos por ASCENSORES ENINTER, S.L.;<br\/>&#8211;\u00a0Atenci\u00f3n a clientes y usuarios: canalizar y atender sus solicitudes, consultas y reclamaciones para su gesti\u00f3n y resoluci\u00f3n;<br\/>&#8211;\u00a0Acciones publicitarias y de marketing: incluye principalmente la personalizaci\u00f3n de los servicios que ofrecemos y el hacer recomendaciones en funci\u00f3n de la interacci\u00f3n con ASCENSORES ENINTER, S.L. a trav\u00e9s del Sitio Web (p.ej.: en base al historial de compra y navegaci\u00f3n). En caso de que usted nos preste su consentimiento, sus datos personales ser\u00e1n utilizados para remitirle peri\u00f3dicamente informaci\u00f3n sobre nuevos productos que puedan resultar de su inter\u00e9s y ofrecerle promociones;<br\/>&#8211;\u00a0Mejorar la experiencia del usuario en el Sitio Web: realizar estudios anal\u00edticos y estad\u00edsticos sobre c\u00f3mo los usuarios navegan por el Sitio Web de ASCENSORES ENINTER, S.L.<\/p>&#13;\n<p><b>3. \u00bfCU\u00c1L ES LA LEGITIMACI\u00d3N PARA EL TRATAMIENTO DE SUS DATOS?<\/b><\/p>&#13;\n<p>La base legal que nos permite tratar sus datos personales depende de la finalidad para la que los tratemos, tal y como se detalla a continuaci\u00f3n:<br\/>&#8211;\u00a0Gestionar la contrataci\u00f3n de los productos y servicios ofrecidos por ASCENSORES ENINTER, S.L.\u00a0El tratamiento de sus datos es necesario para la correcta celebraci\u00f3n y el adecuado desarrollo de la relaci\u00f3n contractual con ASCENSORES ENINTER, S.L. La legitimaci\u00f3n del tratamiento de sus datos tambi\u00e9n reside en su propio consentimiento (al decidir contratar nuestros productos o servicios) y en el inter\u00e9s leg\u00edtimo de ASCENSORES ENINTER, S.L. para realizar las comprobaciones pertinentes a fin de identificar y prevenir posibles fraudes, as\u00ed como por motivos de seguridad;<br\/>&#8211;\u00a0An\u00e1lisis de la calidad. La legitimaci\u00f3n del tratamiento de sus datos reside en el inter\u00e9s leg\u00edtimo de ASCENSORES ENINTER, S.L. para analizar el grado de satisfacci\u00f3n de los clientes y usuarios, a los efectos de poder ofrecerles productos y servicios de la mejor calidad;<br\/>&#8211;\u00a0Atenci\u00f3n a usuarios y clientes. La legitimaci\u00f3n del tratamiento de sus datos reside en el inter\u00e9s leg\u00edtimo de ASCENSORES ENINTER, S.L. para atender a sus solicitudes y reclamaciones para poder atenderle adecuadamente y resolver sus peticiones. Cuando se trate de supuestos de reclamaciones o incidencias relacionadas con el producto o servicio adquirido, el tratamiento de sus datos resulta necesario para que ASCENSORES ENINTER, S.L. pueda cumplir con las obligaciones contractuales. En caso de consultas relacionadas con el ejercicio de sus derechos reconocidos legalmente en materia de protecci\u00f3n de datos, ASCENSORES ENINTER, S.L. requiere el tratamiento de sus datos para cumplir con las obligaciones legales que la vinculan en el presente \u00e1mbito;<br\/>&#8211;\u00a0Acciones publicitarias y de marketing. La base legal para tratar sus datos con finalidades publicitarias y de marketing es el consentimiento que nos presta para el env\u00edo de comunicaciones comerciales (pudiendo ser personalizadas) y el inter\u00e9s leg\u00edtimo de ASCENSORES ENINTER, S.L. para enviarle comunicaciones similares a aquellos servicios o productos contratados en el pasado o por los que hubiese mostrado inter\u00e9s.<br\/>&#8211;\u00a0Mejorar la experiencia del usuario en el Sitio Web de ASCENSORES ENINTER, S.L.\u00a0La legitimaci\u00f3n del tratamiento de sus datos reside en el inter\u00e9s leg\u00edtimo de ASCENSORES ENINTER, S.L. para conocer el grado de satisfacci\u00f3n de los usuarios y adoptar las medidas correctoras oportunas para mejorar la calidad de nuestros servicios.<\/p>&#13;\n<p><b>4. \u00bfDURANTE CU\u00c1NTO TIEMPO CONSERVAREMOS SUS DATOS?<\/b><\/p>&#13;\n<p>Sus datos personales ser\u00e1n debidamente conservados durante el tiempo imprescindible para poder ser utilizados seg\u00fan la finalidad por la que fueron recabados.<\/p>&#13;\n<p>Si un usuario enviara su curr\u00edculum vitae a ASCENSORES ENINTER, S.L., se conservar\u00e1 el mismo un m\u00e1ximo de dos a\u00f1os.<\/p>&#13;\n<p>Los datos personales se almacenar\u00e1n, aplicando las medidas de seguridad id\u00f3neas para garantizar su exactitud e integridad, mientras que su tratamiento resulte necesario para el fin por el cual fueron recogidos o mientras usted no ejerza su derecho de supresi\u00f3n o limitaci\u00f3n del tratamiento.<\/p>&#13;\n<p>En dichos supuestos, mantendremos bloqueada su informaci\u00f3n personal, sin darle ning\u00fan tratamiento y durante los plazos previstos legalmente, para atender eventuales responsabilidades y poder acreditar el cumplimiento de nuestras obligaciones legales y contractuales. Posteriormente, ASCENSORES ENINTER, S.L. eliminar\u00e1 definitivamente sus datos personales.<\/p>&#13;\n<p><b>5. \u00bfCON QUI\u00c9N PODEMOS COMPARTIR SUS DATOS?<\/b><\/p>&#13;\n<p>Sus datos personales ser\u00e1n tratados por miembros ASCENSORES ENINTER, S.L. que act\u00faan en nombre de la organizaci\u00f3n y en relaci\u00f3n con los cu\u00e1les se han perfeccionado los correspondientes contratos, en los que se recogen obligaciones espec\u00edficas de confidencialidad y de gesti\u00f3n diligente dedatos personales conforme la legislaci\u00f3n en el presente \u00e1mbito.<\/p>&#13;\n<p>En determinados casos, a fin de poder cumplir con las finalidades expuestas en la presente Pol\u00edtica de Privacidad, ASCENSORES ENINTER, S.L. necesita compartir sus datos personales con otras compa\u00f1\u00edas del Grupo y con los siguientes terceros:<br\/>&#8211; proveedores de servicios tecnol\u00f3gicos y de anal\u00edtica;<br\/>&#8211; proveedores y colaboradores de servicios de log\u00edstica, transporte y entrega, y\/o establecimientos colaboradores de los mismos;<br\/>&#8211; proveedores de servicios relacionados con atenci\u00f3n al cliente;<br\/>&#8211; proveedores y colaboradores de servicios relacionados con marketing y publicidad;<br\/>&#8211; autoridades y organismos p\u00fablicos para: atender a una orden, citaci\u00f3n o investigaci\u00f3n judicial o por cualquier otra causa requerida por ley; atender a posibles responsabilidades derivadas del tratamiento de los datos personales; prevenir usos ilegales de nuestro Sitio Web o violaciones de las pol\u00edticas de nuestro Sitio Web; hacer frente a reclamaciones de terceros; contribuir a la prevenci\u00f3n e investigaci\u00f3n de supuestos de fraude; entre otros.<br\/>Estos terceros colaboradores \u00fanicamente tienen acceso a la informaci\u00f3n personal necesaria para llevar a cabo los correspondientes servicios y se les exige que no la utilicen para otra finalidad distinta a la solicitada. ASCENSORES ENINTER, S.L. tambi\u00e9n exige a estos terceros el mismo grado de protecci\u00f3n y confidencialidad que nosotros aplicamos en la gesti\u00f3n de su informaci\u00f3n personal. Asimismo, todos ellos est\u00e1n sujetos a las obligaciones previstas en sus respectivos contratos de tratamiento de datos perfeccionados con ASCENSORES ENINTER, S.L.<\/p>&#13;\n<p><b>6. \u00bfCU\u00c1LES SON SUS DERECHOS?<\/b><\/p>&#13;\n<p>Est\u00e1 legitimado para ejercitar los siguientes derechos en relaci\u00f3n con el tratamiento de sus datos personales:<br\/>&#8211;\u00a0Acceso\u00a0(art. 15 RGPD): permite obtener determinada informaci\u00f3n sobre las finalidades para las que se est\u00e1n tratando sus datos, los destinatarios a los que se comunican o las categor\u00edas de datos que est\u00e1n siendo tratados, entre otros.<br\/>&#8211;\u00a0Rectificaci\u00f3n\u00a0(art. 16 RGPD): permite dirigirse al Responsable del tratamiento para modificar aquellos datos personales que fuesen inexactos y para completar los que fuesen incompletos.<br\/>&#8211;\u00a0Supresi\u00f3n\u00a0(art. 17 RGPD): permite solicitar la supresi\u00f3n, sin dilaci\u00f3n indebida, de sus datos personales que est\u00e9n siendo tratados por el Responsable.<br\/>&#8211;\u00a0Limitaci\u00f3n del tratamiento\u00a0(art. 18 RGPD): permite obtener del Responsable la limitaci\u00f3n del tratamiento de sus datos.<br\/>&#8211;\u00a0Portabilidad\u00a0(art. 20 RGPD): le permite recibir sus datos personales o que los mismos sean enviados a un tercero, en un formato estructurado, de uso com\u00fan y lectura mec\u00e1nica.<br\/>&#8211;\u00a0Oposici\u00f3n\u00a0(art. 21 RGPD): le permite oponerse al tratamiento de sus datos realizadas por el Responsable. Sin embargo, s\u00f3lo puede ejercer este derecho frente a tratamientos amparados por la base leg\u00edtima de un inter\u00e9s p\u00fablico o un inter\u00e9s leg\u00edtimo del Responsable.<\/p>&#13;\n<p>6.1. \u00bfC\u00f3mo puedo ejercer mis derechos?<\/p>&#13;\n<p>Para poder ejercer sus derechos en materia de protecci\u00f3n de datos, ASCENSORES ENINTER, S.L. pone a su disposici\u00f3n los siguientes medios:<br\/>&#8211; Mediante solicitud escrita y firmada dirigida a ASCENSORES ENINTER, S.L., indicando el motivo de su solicitud y el derecho que desea ejercitar, debiendo adjuntar fotocopia del DNI o documento equivalente que acredite la identidad del solicitante;<br\/>&#8211; Enviando formulario cumplimentado y firmado, debiendo adjuntar fotocopia del DNI o documento equivalente que acredite la identidad del solicitante, a la direcci\u00f3n de correo electr\u00f3nico:\u00a0protecciondatos@eninter.com<\/p>&#13;\n<p>A continuaci\u00f3n, se facilitan los formularios para poder ejercer los distintos derechos:<br\/>&#8211; Derecho de acceso: https:\/\/www.aepd.es\/sites\/default\/files\/2019-09\/formulario-derecho-de-acceso.pdf<br\/>&#8211; Derecho de rectificaci\u00f3n: https:\/\/www.aepd.es\/sites\/default\/files\/2019-09\/formulario-derecho-de-rectificacion.pdfv<br\/>&#8211; Derecho de supresi\u00f3n: https:\/\/www.aepd.es\/sites\/default\/files\/2019-09\/formulario-derecho-de-supresion.pdf<br\/>&#8211; Derecho de limitaci\u00f3n del tratamiento: https:\/\/www.aepd.es\/sites\/default\/files\/2019-09\/formulario-derecho-de-limitacion.pdf<br\/>&#8211; Derecho a la portabilidad: https:\/\/www.aepd.es\/sites\/default\/files\/2019-09\/formulario-derecho-de-portabilidad.pdf<br\/>&#8211; Derecho de oposici\u00f3n: https:\/\/www.aepd.es\/sites\/default\/files\/2019-09\/formulario-derecho-de-oposicion.pdf<br\/>&#8211; Derecho de oposici\u00f3n al tratamiento automatizado: https:\/\/www.aepd.es\/sites\/default\/files\/2019-09\/formulario-derecho-de-oposicion-decisiones-automatizadas.pdf<\/p>&#13;\n<p>Asimismo, tiene derecho a dirigirse a la Agencia Espa\u00f1ola de Protecci\u00f3n de Datos (https:\/\/www.agpd.es\/portalwebAGPD\/index-ides-idphp.php) para cualquier reclamaci\u00f3n derivada del tratamiento de sus datos personales.<\/p>&#13;\n<p><b>7. CAMBIOS EN LA POL\u00cdTICA DE PRIVACIDAD<\/b><\/p>&#13;\n<p>La presente Pol\u00edtica de Privacidad est\u00e1 sujeta a revisi\u00f3n continua por parte de ASCENSORES ENINTER, S.L., modific\u00e1ndose siempre que resulte necesario a fin de adaptarla a la actualidad legislativa de cada momento o a cualquier variaci\u00f3n en nuestro Sitio Web.<\/p>&#13;\n<p>En caso de que la actualizaci\u00f3n de la Pol\u00edtica implique un cambio sustancial en el tratamiento de sus datos personales, le notificaremos dicha modificaci\u00f3n a trav\u00e9s de nuestro Sitio Web (mediante un banner, un pop-up o una notificaci\u00f3n push) a los efectos de que pueda revisarla y valorarla.<\/p>&#13;\n<p>Por ello, le recomendamos revisar peri\u00f3dicamente la Pol\u00edtica de Privacidad para mantenerse informado sobre cualquier novedad relacionada con el tratamiento de sus datos personales.<\/p>&#13;\n<p><\/p><\/p>\n","protected":false},"excerpt":{"rendered":"<p>&#13; Pol\u00edtica de privacitat &#13; INFORMACI\u00d3N B\u00c1SICA SOBRE PROTECCI\u00d3N DE DATOS &#13; Responsable:\u00a0ASCENSORES ENINTER, S.L. &#13; Finalidad:\u00a0Utilizamos sus datos, entre otras finalidades, para gestionar la contrataci\u00f3n de productos y servicios, atender sus consultas, as\u00ed como para, en su caso, enviarle comunicaciones personalizadas. &#13; Legitimaci\u00f3n:\u00a0La legitimaci\u00f3n para el tratamiento de sus datos reside, principalmente, en el [&hellip;]<\/p>\n","protected":false},"author":3,"featured_media":0,"parent":0,"menu_order":0,"comment_status":"closed","ping_status":"open","template":"","meta":{"_acf_changed":false,"content-type":"","footnotes":""},"categories":[],"class_list":["post-8997","page","type-page","status-publish","hentry"],"acf":[],"_yoast_wpseo_focuskw":null,"_yoast_wpseo_metadesc":null,"yoast_head":"<!-- This site is optimized with the Yoast SEO Premium plugin v21.6 (Yoast SEO v27.2) - https:\/\/yoast.com\/product\/yoast-seo-premium-wordpress\/ -->\n<title>Pol\u00edtica de privacitat - ENINTER<\/title>\n<meta name=\"robots\" content=\"noindex, nofollow\" \/>\n<meta property=\"og:locale\" content=\"ca_ES\" \/>\n<meta property=\"og:type\" content=\"article\" \/>\n<meta property=\"og:title\" content=\"Pol\u00edtica de privacitat\" \/>\n<meta property=\"og:description\" content=\"&#013; Pol\u00edtica de privacitat &#013; INFORMACI\u00d3N B\u00c1SICA SOBRE PROTECCI\u00d3N DE DATOS &#013; Responsable:\u00a0ASCENSORES ENINTER, S.L. &#013; Finalidad:\u00a0Utilizamos sus datos, entre otras finalidades, para gestionar la contrataci\u00f3n de productos y servicios, atender sus consultas, as\u00ed como para, en su caso, enviarle comunicaciones personalizadas. &#013; Legitimaci\u00f3n:\u00a0La legitimaci\u00f3n para el tratamiento de sus datos reside, principalmente, en el [&hellip;]\" \/>\n<meta property=\"og:url\" content=\"https:\/\/www.eninter.com\/ca\/politica-de-privacitat\/\" \/>\n<meta property=\"og:site_name\" content=\"ENINTER\" \/>\n<meta property=\"article:publisher\" content=\"https:\/\/www.facebook.com\/EninterAscensores\" \/>\n<meta property=\"article:modified_time\" content=\"2025-09-01T14:43:56+00:00\" \/>\n<meta name=\"twitter:card\" content=\"summary_large_image\" \/>\n<meta name=\"twitter:site\" content=\"@Eninter\" \/>\n<meta name=\"twitter:label1\" content=\"Temps estimat de lectura\" \/>\n\t<meta name=\"twitter:data1\" content=\"12 minuts\" \/>\n<!-- \/ Yoast SEO Premium plugin. -->","yoast_head_json":{"title":"Pol\u00edtica de privacitat - ENINTER","robots":{"index":"noindex","follow":"nofollow"},"og_locale":"ca_ES","og_type":"article","og_title":"Pol\u00edtica de privacitat","og_description":"&#13; Pol\u00edtica de privacitat &#13; INFORMACI\u00d3N B\u00c1SICA SOBRE PROTECCI\u00d3N DE DATOS &#13; Responsable:\u00a0ASCENSORES ENINTER, S.L. &#13; Finalidad:\u00a0Utilizamos sus datos, entre otras finalidades, para gestionar la contrataci\u00f3n de productos y servicios, atender sus consultas, as\u00ed como para, en su caso, enviarle comunicaciones personalizadas. &#13; Legitimaci\u00f3n:\u00a0La legitimaci\u00f3n para el tratamiento de sus datos reside, principalmente, en el [&hellip;]","og_url":"https:\/\/www.eninter.com\/ca\/politica-de-privacitat\/","og_site_name":"ENINTER","article_publisher":"https:\/\/www.facebook.com\/EninterAscensores","article_modified_time":"2025-09-01T14:43:56+00:00","twitter_card":"summary_large_image","twitter_site":"@Eninter","twitter_misc":{"Temps estimat de lectura":"12 minuts"},"schema":{"@context":"https:\/\/schema.org","@graph":[{"@type":"WebPage","@id":"https:\/\/www.eninter.com\/ca\/politica-de-privacitat\/","url":"https:\/\/www.eninter.com\/ca\/politica-de-privacitat\/","name":"Pol\u00edtica de privacitat - ENINTER","isPartOf":{"@id":"https:\/\/www.eninter.com\/ca\/#website"},"datePublished":"2023-05-22T05:41:38+00:00","dateModified":"2025-09-01T14:43:56+00:00","breadcrumb":{"@id":"https:\/\/www.eninter.com\/ca\/politica-de-privacitat\/#breadcrumb"},"inLanguage":"ca","potentialAction":[{"@type":"ReadAction","target":["https:\/\/www.eninter.com\/ca\/politica-de-privacitat\/"]}]},{"@type":"BreadcrumbList","@id":"https:\/\/www.eninter.com\/ca\/politica-de-privacitat\/#breadcrumb","itemListElement":[{"@type":"ListItem","position":1,"name":"Portada","item":"https:\/\/www.eninter.com\/ca\/"},{"@type":"ListItem","position":2,"name":"Pol\u00edtica de privacitat"}]},{"@type":"WebSite","@id":"https:\/\/www.eninter.com\/ca\/#website","url":"https:\/\/www.eninter.com\/ca\/","name":"ENINTER","description":"Mantenimiento de Ascensores Multimarca","publisher":{"@id":"https:\/\/www.eninter.com\/ca\/#organization"},"potentialAction":[{"@type":"SearchAction","target":{"@type":"EntryPoint","urlTemplate":"https:\/\/www.eninter.com\/ca\/?s={search_term_string}"},"query-input":{"@type":"PropertyValueSpecification","valueRequired":true,"valueName":"search_term_string"}}],"inLanguage":"ca"},{"@type":"Organization","@id":"https:\/\/www.eninter.com\/ca\/#organization","name":"Eniter","url":"https:\/\/www.eninter.com\/ca\/","logo":{"@type":"ImageObject","inLanguage":"ca","@id":"https:\/\/www.eninter.com\/ca\/#\/schema\/logo\/image\/","url":"https:\/\/www.eninter.com\/wp-content\/uploads\/2023\/08\/logo-eninter-png.png","contentUrl":"https:\/\/www.eninter.com\/wp-content\/uploads\/2023\/08\/logo-eninter-png.png","width":600,"height":340,"caption":"Eniter"},"image":{"@id":"https:\/\/www.eninter.com\/ca\/#\/schema\/logo\/image\/"},"sameAs":["https:\/\/www.facebook.com\/EninterAscensores","https:\/\/x.com\/Eninter","https:\/\/www.instagram.com\/eninterascensores\/","https:\/\/www.youtube.com\/user\/ascensoreseninter"]}]}},"_links":{"self":[{"href":"https:\/\/www.eninter.com\/ca\/wp-json\/wp\/v2\/pages\/8997","targetHints":{"allow":["GET"]}}],"collection":[{"href":"https:\/\/www.eninter.com\/ca\/wp-json\/wp\/v2\/pages"}],"about":[{"href":"https:\/\/www.eninter.com\/ca\/wp-json\/wp\/v2\/types\/page"}],"author":[{"embeddable":true,"href":"https:\/\/www.eninter.com\/ca\/wp-json\/wp\/v2\/users\/3"}],"replies":[{"embeddable":true,"href":"https:\/\/www.eninter.com\/ca\/wp-json\/wp\/v2\/comments?post=8997"}],"version-history":[{"count":0,"href":"https:\/\/www.eninter.com\/ca\/wp-json\/wp\/v2\/pages\/8997\/revisions"}],"wp:attachment":[{"href":"https:\/\/www.eninter.com\/ca\/wp-json\/wp\/v2\/media?parent=8997"}],"wp:term":[{"taxonomy":"category","embeddable":true,"href":"https:\/\/www.eninter.com\/ca\/wp-json\/wp\/v2\/categories?post=8997"}],"curies":[{"name":"wp","href":"https:\/\/api.w.org\/{rel}","templated":true}]}}