{"id":12291,"date":"2023-08-24T10:48:50","date_gmt":"2023-08-24T09:48:50","guid":{"rendered":"https:\/\/www.eninter.com\/avviso-legale\/"},"modified":"2025-01-08T09:37:03","modified_gmt":"2025-01-08T09:37:03","slug":"avviso-legale","status":"publish","type":"page","link":"https:\/\/www.eninter.com\/it-ch\/avviso-legale\/","title":{"rendered":"Avviso legale"},"content":{"rendered":"<h2>Avviso legale<\/h2>\n<p>Al fine di ottemperare all&#8217;articolo 10 della legge 34\/2002 sui servizi della societ\u00e0 dell&#8217;informazione e del commercio elettronico, informiamo gli utenti dei nostri dati:<br \/>Nome della societ\u00e0: ASCENSORES ENINTER, S.L.<br \/>Sede legale: Ctra. de l&#8217;Hospitalet, 52, 08940, Cornell\u00e0 de Llobregat (Barcellona)<br \/>C.I.F.: B08875205<br \/>Indirizzo e-mail: protecciondatos@eninter.com<br \/>Telefono: 933 77 94 51<br \/>Sito web: www.eninter.com<br \/>Registro Mercantile di Barcellona: Volume 793, Folio 199, Pagina CS9915<\/p>\n<p><b>1. OBIETTIVO<\/b><\/p>\n<p>Lo scopo di questo Avviso Legale \u00e8 quello di informare tutti gli utenti sulla configurazione e le condizioni d&#8217;uso del sito web (www.eninter.com) di ASCENSORES ENINTER, S.L. In questo modo, ASCENSORES ENINTER, S.L. rispetta gli obblighi previsti dalla Legge 34\/2002, sui Servizi della Societ\u00e0 dell&#8217;Informazione e del Commercio Elettronico (LSSICE).<\/p>\n<p>Il presente Avviso Legale \u00e8 soggetto a revisione continua da parte di ASCENSORES ENINTER, S.L., e viene modificato ogni qualvolta sia necessario per adattarlo alla legislazione vigente in qualsiasi momento o a qualsiasi variazione del nostro Sito Web. Si consiglia pertanto di rivedere periodicamente il presente documento per tenersi informati su eventuali nuovi sviluppi relativi alla configurazione e all&#8217;utilizzo del Sito web.<\/p>\n<p><b>2. ACCETTAZIONE DA PARTE DELL&#8217;UTENTE<\/b><\/p>\n<p>Accedendo e utilizzando il Sito, l&#8217;utente diventa un &#8220;utente&#8221;. A partire da tale accesso e\/o utilizzo, si ritiene che l&#8217;utente accetti in modo assoluto e senza riserve le regole e le condizioni di utilizzo stabilite nel presente Avviso legale. Se l&#8217;utente decide di non accettare una qualsiasi di queste regole o condizioni, o se ha delle riserve, deve astenersi dall&#8217;accedere e\/o utilizzare il nostro Sito Web.<\/p>\n<p><b>3. CONDIZIONI DI ACCESSO E DI UTILIZZO DEL SITO WEB<\/b><\/p>\n<p>3.1. Accesso gratuito al sito web<\/p>\n<p>L&#8217;accesso e l&#8217;utilizzo del sito web di ASCENSORES ENINTER, S.L. \u00e8 gratuito per tutti gli utenti. Nel caso in cui un&#8217;area del Sito sia soggetta a pagamento, l&#8217;utente sar\u00e0 debitamente informato.<\/p>\n<p>3.2. Obbligo di utilizzare correttamente il Sito Web<\/p>\n<p>L&#8217;utente si impegna a utilizzare il Sito Web in conformit\u00e0 alle disposizioni del presente Avviso legale e deve astenersi dalle seguenti azioni:<br \/>&#8211; realizzare attivit\u00e0 contrarie alla legge vigente, al buon costume, alla morale o all&#8217;ordine pubblico stabilito, o per scopi illeciti, vietati o dannosi per i diritti e gli interessi di ASCENSORES ENINTER, S.L. o di terzi (in particolare, diritti di propriet\u00e0 intellettuale, industriale o simili).<br \/>&#8211; utilizzare il Sito web o parte di esso su altri siti web privati o commerciali, cos\u00ec come stabilire collegamenti ipertestuali o hyperlink al Sito web o a qualsiasi suo contenuto (salvo espressa autorizzazione scritta di ASCENSORES ENINTER, S.L.).<br \/>&#8211; falsificare l&#8217;identit\u00e0 dell&#8217;utente o impersonare quella di una terza persona, nonch\u00e9 fornire dati falsi nella compilazione di moduli e altri documenti di natura simile. L&#8217;utente \u00e8 responsabile dell&#8217;aggiornamento permanente di tutte le informazioni fornite ad ASCENSORES ENINTER, S.L. e sar\u00e0 inoltre l&#8217;unico responsabile di qualsiasi dichiarazione falsa o inesatta e di qualsiasi danno che possa essere causato ad ASCENSORES ENINTER, S.L. o a terzi.<br \/>&#8211; utilizzare codici maligni o programmi informatici che possano interrompere, ostacolare, rendere inutilizzabili o danneggiare direttamente il Sito web, i suoi contenuti o servizi e le apparecchiature, i sistemi e le reti che li supportano.<br \/>I contenuti e i servizi offerti attraverso il Sito sono destinati all&#8217;uso da parte di persone maggiorenni.<br \/>ASCENSORES ENINTER, S.L. si riserva il diritto di negare a qualsiasi utente, a sua discrezione, l&#8217;accesso al Sito Web, ai suoi contenuti e ai suoi servizi, qualora vi siano indicazioni che questi siano stati o saranno utilizzati in violazione delle disposizioni del presente Avviso legale. ASCENSORES ENINTER, S.L. manterr\u00e0 tutti gli altri diritti aggiuntivi che possono corrispondere all&#8217;utente, in particolare quelli relativi all&#8217;avvio di procedimenti legali penali o civili.<\/p>\n<p><b>4. RESPONSABILIT\u00c0<\/b><\/p>\n<p>L&#8217;utente utilizza il Sito Web a proprio rischio e pericolo. Accedendovi, l&#8217;utente si impegna a utilizzare il Sito web in conformit\u00e0 con la Legge e con le disposizioni del presente Avviso legale, e sar\u00e0 responsabile nei confronti di ASCENSORES ENINTER, S.L. e di terzi per qualsiasi danno o pregiudizio che possa derivare dall&#8217;inosservanza di tale obbligo.<\/p>\n<p>ASCENSORES ENINTER, S.L. fornisce ai propri utenti l&#8217;accesso a questo Sito Web, ai suoi contenuti e ai suoi servizi con un ragionevole livello di competenza e diligenza. A questo proposito, il presente sito web \u00e8 stato rivisto e testato per garantirne il corretto funzionamento 365 giorni all&#8217;anno, 24 ore al giorno. Inoltre, il Sito utilizza i cookie per svolgere alcune funzioni ritenute essenziali per il suo corretto funzionamento e la sua visualizzazione. Per maggiori informazioni sui cookie gestiti da ASCENSORES ENINTER, S.L., l&#8217;utente pu\u00f2 accedere alla <a href=\"https:\/\/www.eninter.com\/politica-de-cookies\/\">Politica sui cookie<\/a>.<\/p>\n<p>Tuttavia, ASCENSORES ENINTER, S.L. non pu\u00f2 offrire garanzie n\u00e9 essere ritenuta responsabile per i danni di qualsiasi natura che possano derivare da:<br \/>&#8211; la mancata disponibilit\u00e0 o l&#8217;effettivo funzionamento del sito web, dei suoi servizi e dei suoi contenuti per cause che esulano dal controllo di ASCENSORES ENINTER, S.L.<br \/>&#8211; azioni necessarie per effettuare operazioni di miglioramento, manutenzione o simili sul sito web.<br \/>&#8211; guasti o disconnessioni nelle reti di telecomunicazione che interrompono il servizio, nonch\u00e9 altre circostanze derivanti da caso fortuito o forza maggiore.<br \/>&#8211; contenuti pubblicitari o offerte che possono essere ospitati sul Sito web, e gli inserzionisti o gli offerenti sono gli unici responsabili di garantire che il materiale presentato per l&#8217;inclusione sul Sito web sia conforme alle normative legali applicabili. ASCENSORES ENINTER, S.L. non sar\u00e0 responsabile di eventuali errori, imprecisioni o irregolarit\u00e0 che tali contenuti possano presentare. &#8211; informazioni pubblicate sul sito web, a condizione che tali informazioni siano state manipolate o introdotte da terzi.<br \/>&#8211; errori di sicurezza che possono essere causati nel sistema informatico dell&#8217;utente (hardware e software) a seguito della presenza di virus nel dispositivo dell&#8217;utente utilizzato per connettersi al Sito web.<br \/>&#8211; l&#8217;uso del Sito web, dei suoi servizi e dei suoi contenuti che sia illegale, negligente, fraudolento o contrario al presente Avviso legale.<br \/>&#8211; la non conformit\u00e0 o la mancanza di legalit\u00e0, qualit\u00e0, affidabilit\u00e0, utilit\u00e0 e disponibilit\u00e0 dei prodotti o servizi forniti da terzi e messi a disposizione degli utenti attraverso il Sito.<br \/>&#8211; informazioni e contenuti memorizzati, a titolo esemplificativo e non esaustivo, in forum, chat, blog, social network o qualsiasi altra piattaforma che consenta agli utenti e a terzi di pubblicare contenuti sul Sito. Tuttavia, in virt\u00f9 dell&#8217;art. 11 e 16 della LSSICE, ASCENSORES ENINTER, S.L. si mette a disposizione degli organi competenti, collaborando attivamente con essi per la rimozione e, se del caso, il blocco di qualsiasi contenuto che contravvenga ai principi contenuti nell&#8217;art. 8 della suddetta Legge. Nel caso in cui l&#8217;utente ritenga che vi sia un contenuto che possa essere suscettibile di violare il precetto legale di cui sopra, \u00e8 tenuto a comunicarlo immediatamente ad ASCENSORES ENINTER, S.L. (protecciondatos@eninter.com).<\/p>\n<p>Il Sito pu\u00f2 contenere link ad altri siti web e incorporare informazioni o servizi di terzi, al fine di facilitare l&#8217;accesso dell&#8217;utente alle informazioni delle aziende che collaborano. ASCENSORES ENINTER, S.L. non ha alcun controllo su di essi e non \u00e8 responsabile del loro contenuto o funzionamento. ASCENSORES ENINTER, S.L. offre all&#8217;utente questi link e informazioni o servizi solo per comodit\u00e0, ed \u00e8 responsabilit\u00e0 dell&#8217;utente leggere e accettare le Condizioni d&#8217;uso e l&#8217;Informativa sulla privacy pubblicate sui siti web o sulle applicazioni collegate.<\/p>\n<p><b>5. PROTEZIONE DEI DATI PERSONALI<\/b><\/p>\n<p>ASCENSORES ENINTER, S.L., in qualit\u00e0 di proprietario e responsabile di questo Sito web, informa tutti gli utenti che hanno fornito o intendono fornire i propri dati personali, che questi saranno trattati da ASCENSORES ENINTER, S.L. in conformit\u00e0 con la normativa legale di riferimento in materia di protezione dei dati, ovvero il Regolamento (UE) 2016\/679 del Parlamento europeo e del Consiglio del 27 aprile 2016 e la Legge Organica 3\/2018 del 5 dicembre.<\/p>\n<p>A tal fine, il trattamento dei dati personali degli utenti avverr\u00e0 nel rispetto dei principi di liceit\u00e0, lealt\u00e0, trasparenza, limitazione delle finalit\u00e0, minimizzazione dei dati, esattezza, integrit\u00e0 e riservatezza, nel rispetto degli altri obblighi e garanzie previsti dalle norme di legge citate.<\/p>\n<p>Per ulteriori informazioni sul trattamento dei dati personali degli utenti, consultare la nostra <a href=\"https:\/\/www.eninter.com\/politica-privacidad\/\">Informativa sulla privacy<\/a>.<\/p>\n<p><b>6. PROPRIET\u00c0 INDUSTRIALE E INTELLETTUALE<\/b><\/p>\n<p>L&#8217;intero contenuto del Sito web (testi, fotografie, grafici, immagini, tecnologia, software, link, contenuti audiovisivi, design grafico, codice sorgente, ecc.), cos\u00ec come i marchi e gli altri segni distintivi, sono di propriet\u00e0 di ASCENSORES ENINTER, S.L. o di terzi con cui collabora, che sono i titolari dei relativi diritti di propriet\u00e0 intellettuale e industriale, e l&#8217;utente non acquisisce alcun diritto su di essi per il solo fatto di accedere e utilizzare il Sito web.<\/p>\n<p>\u00c8 vietato l&#8217;uso, la riproduzione, la distribuzione, la comunicazione pubblica e la trasformazione dei contenuti del sito web in qualsiasi modo da parte dell&#8217;utente, ad eccezione dei casi legalmente contemplati o espressamente autorizzati da ASCENSORES ENINTER, S.L. In questo senso, \u00e8 escluso lo sfruttamento dei contenuti espressamente autorizzato da ASCENSORES ENINTER, S.L. ai propri clienti o fornitori in virt\u00f9 del relativo contratto, cos\u00ec come l&#8217;uso personale e privato dei contenuti di libero e gratuito accesso esistenti sul sito web.<\/p>\n<p>Qualsiasi utilizzo dei contenuti del Sito Web che violi il suddetto obbligo sar\u00e0 considerato una grave violazione dei diritti di propriet\u00e0 intellettuale o industriale di ASCENSORES ENINTER, S.L. o di terzi, e potr\u00e0 essere denunciato e perseguito con tutti i mezzi legali.<\/p>\n<p>Per effettuare qualsiasi tipo di osservazione relativa a possibili violazioni dei diritti di propriet\u00e0 intellettuale o industriale di ASCENSORES ENINTER, S.L. o dei suoi legittimi proprietari, \u00e8 possibile farlo inviando un messaggio di posta elettronica all&#8217;indirizzo protecciondatos@eninter.com.<\/p>\n<p><b>7. LEGGE APPLICABILE E GIURISDIZIONE<\/b><\/p>\n<p>Il presente Avviso legale \u00e8 disciplinato dalla legge spagnola e le corti e i tribunali spagnoli sono competenti a conoscere qualsiasi questione possa sorgere in merito alla sua interpretazione, applicazione e conformit\u00e0. L&#8217;utente, in virt\u00f9 dell&#8217;accettazione delle disposizioni contenute nel presente Avviso Legale, rinuncia espressamente a qualsiasi altra giurisdizione a cui potrebbe avere diritto in applicazione della Legge in vigore.<\/p>\n<p>Tuttavia, se l&#8217;utente \u00e8 un consumatore, le disposizioni dell&#8217;Avviso legale saranno soggette anche alla corrispondente legislazione locale applicabile e, di conseguenza, qualsiasi controversia sar\u00e0 sottoposta ai tribunali competenti del domicilio dell&#8217;utente.<\/p>\n","protected":false},"excerpt":{"rendered":"<p>Avviso legale Al fine di ottemperare all&#8217;articolo 10 della legge 34\/2002 sui servizi della societ\u00e0 dell&#8217;informazione e del commercio elettronico, informiamo gli utenti dei nostri dati:Nome della societ\u00e0: ASCENSORES ENINTER, S.L.Sede legale: Ctra. de l&#8217;Hospitalet, 52, 08940, Cornell\u00e0 de Llobregat (Barcellona)C.I.F.: B08875205Indirizzo e-mail: protecciondatos@eninter.comTelefono: 933 77 94 51Sito web: www.eninter.comRegistro Mercantile di Barcellona: Volume 793, [&hellip;]<\/p>\n","protected":false},"author":3,"featured_media":0,"parent":0,"menu_order":0,"comment_status":"closed","ping_status":"closed","template":"","meta":{"_acf_changed":false,"content-type":"","footnotes":""},"categories":[],"class_list":["post-12291","page","type-page","status-publish","hentry"],"acf":[],"_yoast_wpseo_focuskw":null,"_yoast_wpseo_metadesc":null,"yoast_head":"<!-- This site is optimized with the Yoast SEO Premium plugin v21.6 (Yoast SEO v27.2) - https:\/\/yoast.com\/product\/yoast-seo-premium-wordpress\/ -->\n<title>Avviso legale - ENINTER<\/title>\n<meta name=\"robots\" content=\"noindex, nofollow\" \/>\n<meta property=\"og:locale\" content=\"it_IT\" \/>\n<meta property=\"og:type\" content=\"article\" \/>\n<meta property=\"og:title\" content=\"Avviso legale\" \/>\n<meta property=\"og:description\" content=\"Avviso legale Al fine di ottemperare all&#8217;articolo 10 della legge 34\/2002 sui servizi della societ\u00e0 dell&#8217;informazione e del commercio elettronico, informiamo gli utenti dei nostri dati:Nome della societ\u00e0: ASCENSORES ENINTER, S.L.Sede legale: Ctra. de l&#8217;Hospitalet, 52, 08940, Cornell\u00e0 de Llobregat (Barcellona)C.I.F.: B08875205Indirizzo e-mail: protecciondatos@eninter.comTelefono: 933 77 94 51Sito web: www.eninter.comRegistro Mercantile di Barcellona: Volume 793, [&hellip;]\" \/>\n<meta property=\"og:url\" content=\"https:\/\/www.eninter.com\/it-ch\/avviso-legale\/\" \/>\n<meta property=\"og:site_name\" content=\"ENINTER\" \/>\n<meta property=\"article:publisher\" content=\"https:\/\/www.facebook.com\/EninterAscensores\" \/>\n<meta property=\"article:modified_time\" content=\"2025-01-08T09:37:03+00:00\" \/>\n<meta name=\"twitter:card\" content=\"summary_large_image\" \/>\n<meta name=\"twitter:site\" content=\"@Eninter\" \/>\n<meta name=\"twitter:label1\" content=\"Est. reading time\" \/>\n\t<meta name=\"twitter:data1\" content=\"8 minutes\" \/>\n<!-- \/ Yoast SEO Premium plugin. -->","yoast_head_json":{"title":"Avviso legale - ENINTER","robots":{"index":"noindex","follow":"nofollow"},"og_locale":"it_IT","og_type":"article","og_title":"Avviso legale","og_description":"Avviso legale Al fine di ottemperare all&#8217;articolo 10 della legge 34\/2002 sui servizi della societ\u00e0 dell&#8217;informazione e del commercio elettronico, informiamo gli utenti dei nostri dati:Nome della societ\u00e0: ASCENSORES ENINTER, S.L.Sede legale: Ctra. de l&#8217;Hospitalet, 52, 08940, Cornell\u00e0 de Llobregat (Barcellona)C.I.F.: B08875205Indirizzo e-mail: protecciondatos@eninter.comTelefono: 933 77 94 51Sito web: www.eninter.comRegistro Mercantile di Barcellona: Volume 793, [&hellip;]","og_url":"https:\/\/www.eninter.com\/it-ch\/avviso-legale\/","og_site_name":"ENINTER","article_publisher":"https:\/\/www.facebook.com\/EninterAscensores","article_modified_time":"2025-01-08T09:37:03+00:00","twitter_card":"summary_large_image","twitter_site":"@Eninter","twitter_misc":{"Est. reading time":"8 minutes"},"schema":{"@context":"https:\/\/schema.org","@graph":[{"@type":"WebPage","@id":"https:\/\/www.eninter.com\/it-ch\/avviso-legale\/","url":"https:\/\/www.eninter.com\/it-ch\/avviso-legale\/","name":"Avviso legale - ENINTER","isPartOf":{"@id":"https:\/\/www.eninter.com\/it-ch\/#website"},"datePublished":"2023-08-24T09:48:50+00:00","dateModified":"2025-01-08T09:37:03+00:00","breadcrumb":{"@id":"https:\/\/www.eninter.com\/it-ch\/avviso-legale\/#breadcrumb"},"inLanguage":"it-CH","potentialAction":[{"@type":"ReadAction","target":["https:\/\/www.eninter.com\/it-ch\/avviso-legale\/"]}]},{"@type":"BreadcrumbList","@id":"https:\/\/www.eninter.com\/it-ch\/avviso-legale\/#breadcrumb","itemListElement":[{"@type":"ListItem","position":1,"name":"Portada","item":"https:\/\/www.eninter.com\/it-ch\/"},{"@type":"ListItem","position":2,"name":"Avviso legale"}]},{"@type":"WebSite","@id":"https:\/\/www.eninter.com\/it-ch\/#website","url":"https:\/\/www.eninter.com\/it-ch\/","name":"ENINTER","description":"Mantenimiento de Ascensores Multimarca","publisher":{"@id":"https:\/\/www.eninter.com\/it-ch\/#organization"},"potentialAction":[{"@type":"SearchAction","target":{"@type":"EntryPoint","urlTemplate":"https:\/\/www.eninter.com\/it-ch\/?s={search_term_string}"},"query-input":{"@type":"PropertyValueSpecification","valueRequired":true,"valueName":"search_term_string"}}],"inLanguage":"it-CH"},{"@type":"Organization","@id":"https:\/\/www.eninter.com\/it-ch\/#organization","name":"Eniter","url":"https:\/\/www.eninter.com\/it-ch\/","logo":{"@type":"ImageObject","inLanguage":"it-CH","@id":"https:\/\/www.eninter.com\/it-ch\/#\/schema\/logo\/image\/","url":"https:\/\/www.eninter.com\/wp-content\/uploads\/2023\/08\/logo-eninter-png.png","contentUrl":"https:\/\/www.eninter.com\/wp-content\/uploads\/2023\/08\/logo-eninter-png.png","width":600,"height":340,"caption":"Eniter"},"image":{"@id":"https:\/\/www.eninter.com\/it-ch\/#\/schema\/logo\/image\/"},"sameAs":["https:\/\/www.facebook.com\/EninterAscensores","https:\/\/x.com\/Eninter","https:\/\/www.instagram.com\/eninterascensores\/","https:\/\/www.youtube.com\/user\/ascensoreseninter"]}]}},"_links":{"self":[{"href":"https:\/\/www.eninter.com\/it-ch\/wp-json\/wp\/v2\/pages\/12291","targetHints":{"allow":["GET"]}}],"collection":[{"href":"https:\/\/www.eninter.com\/it-ch\/wp-json\/wp\/v2\/pages"}],"about":[{"href":"https:\/\/www.eninter.com\/it-ch\/wp-json\/wp\/v2\/types\/page"}],"author":[{"embeddable":true,"href":"https:\/\/www.eninter.com\/it-ch\/wp-json\/wp\/v2\/users\/3"}],"replies":[{"embeddable":true,"href":"https:\/\/www.eninter.com\/it-ch\/wp-json\/wp\/v2\/comments?post=12291"}],"version-history":[{"count":0,"href":"https:\/\/www.eninter.com\/it-ch\/wp-json\/wp\/v2\/pages\/12291\/revisions"}],"wp:attachment":[{"href":"https:\/\/www.eninter.com\/it-ch\/wp-json\/wp\/v2\/media?parent=12291"}],"wp:term":[{"taxonomy":"category","embeddable":true,"href":"https:\/\/www.eninter.com\/it-ch\/wp-json\/wp\/v2\/categories?post=12291"}],"curies":[{"name":"wp","href":"https:\/\/api.w.org\/{rel}","templated":true}]}}