{"id":12546,"date":"2023-09-13T14:48:13","date_gmt":"2023-09-13T14:48:13","guid":{"rendered":"https:\/\/www.eninter.com\/grazie-per-il-vostro-portale\/"},"modified":"2024-02-20T10:48:05","modified_gmt":"2024-02-20T10:48:05","slug":"grazie-per-il-vostro-portale","status":"publish","type":"page","link":"https:\/\/www.eninter.com\/it-ch\/grazie-per-il-vostro-portale\/","title":{"rendered":"Grazie per il vostro portale"},"content":{"rendered":"\t\t<div data-elementor-type=\"wp-page\" data-elementor-id=\"12546\" class=\"elementor elementor-12546 elementor-7464\" data-elementor-post-type=\"page\">\n\t\t\t\t\t\t<section class=\"elementor-section elementor-top-section elementor-element elementor-element-1c23d08 elementor-section-boxed elementor-section-height-default elementor-section-height-default\" data-id=\"1c23d08\" data-element_type=\"section\" data-e-type=\"section\">\n\t\t\t\t\t\t<div class=\"elementor-container elementor-column-gap-default\">\n\t\t\t\t\t<div class=\"elementor-column elementor-col-100 elementor-top-column elementor-element elementor-element-79eaa23d\" data-id=\"79eaa23d\" data-element_type=\"column\" data-e-type=\"column\">\n\t\t\t<div class=\"elementor-widget-wrap elementor-element-populated\">\n\t\t\t\t\t\t<div class=\"elementor-element elementor-element-5795d5ac elementor-alert-success elementor-widget elementor-widget-alert\" data-id=\"5795d5ac\" data-element_type=\"widget\" data-e-type=\"widget\" data-widget_type=\"alert.default\">\n\t\t\t\t\t\t\t<div class=\"elementor-alert\" role=\"alert\">\n\n\t\t\t\t\t\t<span class=\"elementor-alert-title\">CONGRATULAZIONI!<\/span>\n\t\t\t\n\t\t\t\t\t\t<span class=\"elementor-alert-description\"><p>Il modulo \u00e8 stato inviato correttamente.<br \/>\nRiceverete un'e-mail di convalida una volta creato il vostro account. La creazione dell'account del portale Eninter pu\u00f2 richiedere fino a 48 ore.<\/p>\n<\/span>\n\t\t\t\n\t\t\t\t\t\t<button type=\"button\" class=\"elementor-alert-dismiss\" aria-label=\"Dismiss this alert.\">\n\t\t\t\t\t\t\t\t\t<span aria-hidden=\"true\">&times;<\/span>\n\t\t\t\t\t\t\t<\/button>\n\t\t\t\n\t\t<\/div>\n\t\t\t\t\t\t<\/div>\n\t\t\t\t<div class=\"elementor-element elementor-element-53c0eec6 elementor-widget elementor-widget-heading\" data-id=\"53c0eec6\" data-element_type=\"widget\" data-e-type=\"widget\" data-widget_type=\"heading.default\">\n\t\t\t\t\t<h3 class=\"elementor-heading-title elementor-size-default\">Nel frattempo, vi invitiamo a scoprire di pi\u00f9 su di noi attraverso il nostro blog.<\/h3>\t\t\t\t<\/div>\n\t\t\t\t<div class=\"elementor-element elementor-element-48997a54 elementor-grid-3 elementor-grid-tablet-2 elementor-grid-mobile-1 elementor-posts--thumbnail-top elementor-card-shadow-yes elementor-posts__hover-gradient elementor-widget elementor-widget-posts\" data-id=\"48997a54\" data-element_type=\"widget\" data-e-type=\"widget\" data-settings=\"{&quot;cards_columns&quot;:&quot;3&quot;,&quot;cards_columns_tablet&quot;:&quot;2&quot;,&quot;cards_columns_mobile&quot;:&quot;1&quot;,&quot;cards_row_gap&quot;:{&quot;unit&quot;:&quot;px&quot;,&quot;size&quot;:35,&quot;sizes&quot;:[]},&quot;cards_row_gap_tablet&quot;:{&quot;unit&quot;:&quot;px&quot;,&quot;size&quot;:&quot;&quot;,&quot;sizes&quot;:[]},&quot;cards_row_gap_mobile&quot;:{&quot;unit&quot;:&quot;px&quot;,&quot;size&quot;:&quot;&quot;,&quot;sizes&quot;:[]}}\" data-widget_type=\"posts.cards\">\n\t\t\t\t<div class=\"elementor-widget-container\">\n\t\t\t\t\t\t\t<div class=\"elementor-posts-container elementor-posts elementor-posts--skin-cards elementor-grid\" role=\"list\">\n\t\t\t\t<article class=\"elementor-post elementor-grid-item post-35947 post type-post status-publish format-standard has-post-thumbnail hentry category-ascensori\" role=\"listitem\">\n\t\t\t<div class=\"elementor-post__card\">\n\t\t\t\t<a class=\"elementor-post__thumbnail__link\" href=\"https:\/\/www.eninter.com\/it-ch\/porte-automatiche-negli-ascensori-2\/\" tabindex=\"-1\" ><div class=\"elementor-post__thumbnail\"><img fetchpriority=\"high\" decoding=\"async\" width=\"768\" height=\"436\" src=\"https:\/\/www.eninter.com\/wp-content\/uploads\/2025\/09\/ServiciosEninter-768x436.webp\" class=\"attachment-medium_large size-medium_large wp-image-30313\" alt=\"porte automatiche negli ascensori\" srcset=\"https:\/\/www.eninter.com\/wp-content\/uploads\/2025\/09\/ServiciosEninter-768x436.webp 768w, https:\/\/www.eninter.com\/wp-content\/uploads\/2025\/09\/ServiciosEninter-300x170.webp 300w, https:\/\/www.eninter.com\/wp-content\/uploads\/2025\/09\/ServiciosEninter-1024x581.webp 1024w, https:\/\/www.eninter.com\/wp-content\/uploads\/2025\/09\/ServiciosEninter.webp 1200w\" sizes=\"(max-width: 768px) 100vw, 768px\" \/><\/div><\/a>\n\t\t\t\t<div class=\"elementor-post__text\">\n\t\t\t\t<h3 class=\"elementor-post__title\">\n\t\t\t<a href=\"https:\/\/www.eninter.com\/it-ch\/porte-automatiche-negli-ascensori-2\/\" >\n\t\t\t\tPorte automatiche negli ascensori: sicurezza ed efficienza per il tuo edificio\t\t\t<\/a>\n\t\t<\/h3>\n\t\t\t\t<\/div>\n\t\t\t\t\t<\/div>\n\t\t<\/article>\n\t\t\t\t<article class=\"elementor-post elementor-grid-item post-12851 post type-post status-publish format-standard has-post-thumbnail hentry category-ascensori-it-ch tag-montse-sanchez-it-ch\" role=\"listitem\">\n\t\t\t<div class=\"elementor-post__card\">\n\t\t\t\t<a class=\"elementor-post__thumbnail__link\" href=\"https:\/\/www.eninter.com\/it-ch\/intrappolati-in-un-ascensore-dallemergenza-alla-calma-in-meno-di-30-minuti-con-eninter\/\" tabindex=\"-1\" ><div class=\"elementor-post__thumbnail\"><img decoding=\"async\" width=\"768\" height=\"768\" src=\"https:\/\/www.eninter.com\/wp-content\/uploads\/2025\/10\/EMERGENZA_ITALIASUIZA-1-768x768.webp\" class=\"attachment-medium_large size-medium_large wp-image-12855\" alt=\"\" srcset=\"https:\/\/www.eninter.com\/wp-content\/uploads\/2025\/10\/EMERGENZA_ITALIASUIZA-1-768x768.webp 768w, https:\/\/www.eninter.com\/wp-content\/uploads\/2025\/10\/EMERGENZA_ITALIASUIZA-1-300x300.webp 300w, https:\/\/www.eninter.com\/wp-content\/uploads\/2025\/10\/EMERGENZA_ITALIASUIZA-1-1024x1024.webp 1024w, https:\/\/www.eninter.com\/wp-content\/uploads\/2025\/10\/EMERGENZA_ITALIASUIZA-1-150x150.webp 150w, https:\/\/www.eninter.com\/wp-content\/uploads\/2025\/10\/EMERGENZA_ITALIASUIZA-1-1536x1536.webp 1536w, https:\/\/www.eninter.com\/wp-content\/uploads\/2025\/10\/EMERGENZA_ITALIASUIZA-1-2048x2048.webp 2048w\" sizes=\"(max-width: 768px) 100vw, 768px\" \/><\/div><\/a>\n\t\t\t\t<div class=\"elementor-post__text\">\n\t\t\t\t<h3 class=\"elementor-post__title\">\n\t\t\t<a href=\"https:\/\/www.eninter.com\/it-ch\/intrappolati-in-un-ascensore-dallemergenza-alla-calma-in-meno-di-30-minuti-con-eninter\/\" >\n\t\t\t\tIntrappolati in un ascensore: dall&#8217;emergenza alla calma in meno di 30 minuti con Eninter\t\t\t<\/a>\n\t\t<\/h3>\n\t\t\t\t<\/div>\n\t\t\t\t\t<\/div>\n\t\t<\/article>\n\t\t\t\t<article class=\"elementor-post elementor-grid-item post-12839 post type-post status-publish format-standard has-post-thumbnail hentry tag-jordi-salvatella-it-ch\" role=\"listitem\">\n\t\t\t<div class=\"elementor-post__card\">\n\t\t\t\t<a class=\"elementor-post__thumbnail__link\" href=\"https:\/\/www.eninter.com\/it-ch\/scoprite-il-prezzo-reale-della-manutenzione-degli-ascensori\/\" tabindex=\"-1\" ><div class=\"elementor-post__thumbnail\"><img decoding=\"async\" width=\"300\" height=\"300\" src=\"https:\/\/www.eninter.com\/wp-content\/uploads\/2023\/10\/precio-real-del-mantenimiento-de-ascensores-1.jpg\" class=\"attachment-medium_large size-medium_large wp-image-12696\" alt=\"\" srcset=\"https:\/\/www.eninter.com\/wp-content\/uploads\/2023\/10\/precio-real-del-mantenimiento-de-ascensores-1.jpg 300w, https:\/\/www.eninter.com\/wp-content\/uploads\/2023\/10\/precio-real-del-mantenimiento-de-ascensores-1-150x150.jpg 150w\" sizes=\"(max-width: 300px) 100vw, 300px\" \/><\/div><\/a>\n\t\t\t\t<div class=\"elementor-post__text\">\n\t\t\t\t<h3 class=\"elementor-post__title\">\n\t\t\t<a href=\"https:\/\/www.eninter.com\/it-ch\/scoprite-il-prezzo-reale-della-manutenzione-degli-ascensori\/\" >\n\t\t\t\tScoprite il prezzo reale della manutenzione degli ascensori\t\t\t<\/a>\n\t\t<\/h3>\n\t\t\t\t<\/div>\n\t\t\t\t\t<\/div>\n\t\t<\/article>\n\t\t\t\t<article class=\"elementor-post elementor-grid-item post-12828 post type-post status-publish format-standard has-post-thumbnail hentry category-ascensori-it-ch category-informazioni-su-eninter-it-ch\" role=\"listitem\">\n\t\t\t<div class=\"elementor-post__card\">\n\t\t\t\t<a class=\"elementor-post__thumbnail__link\" href=\"https:\/\/www.eninter.com\/it-ch\/zero-e-piu-dalvier-premiato-per-5-anni-senza-infortuni-sul-lavoro-dalla-societa-di-mutuo-soccorso-mc\/\" tabindex=\"-1\" ><div class=\"elementor-post__thumbnail\"><img loading=\"lazy\" decoding=\"async\" width=\"768\" height=\"432\" src=\"https:\/\/www.eninter.com\/wp-content\/uploads\/2023\/06\/Dalvier-sin-accidentes-laborales-768x432.jpeg\" class=\"attachment-medium_large size-medium_large wp-image-12831\" alt=\"\" srcset=\"https:\/\/www.eninter.com\/wp-content\/uploads\/2023\/06\/Dalvier-sin-accidentes-laborales-768x432.jpeg 768w, https:\/\/www.eninter.com\/wp-content\/uploads\/2023\/06\/Dalvier-sin-accidentes-laborales-300x169.jpeg 300w, https:\/\/www.eninter.com\/wp-content\/uploads\/2023\/06\/Dalvier-sin-accidentes-laborales-1024x576.jpeg 1024w, https:\/\/www.eninter.com\/wp-content\/uploads\/2023\/06\/Dalvier-sin-accidentes-laborales.jpeg 1200w\" sizes=\"(max-width: 768px) 100vw, 768px\" \/><\/div><\/a>\n\t\t\t\t<div class=\"elementor-post__text\">\n\t\t\t\t<h3 class=\"elementor-post__title\">\n\t\t\t<a href=\"https:\/\/www.eninter.com\/it-ch\/zero-e-piu-dalvier-premiato-per-5-anni-senza-infortuni-sul-lavoro-dalla-societa-di-mutuo-soccorso-mc\/\" >\n\t\t\t\tZero \u00e8 pi\u00f9! Dalvier premiato per 5 anni senza infortuni sul lavoro dalla Societ\u00e0 di Mutuo Soccorso (MC)\t\t\t<\/a>\n\t\t<\/h3>\n\t\t\t\t<\/div>\n\t\t\t\t\t<\/div>\n\t\t<\/article>\n\t\t\t\t<article class=\"elementor-post elementor-grid-item post-12806 post type-post status-publish format-standard has-post-thumbnail hentry category-ascensori-it-ch category-informazioni-su-eninter-it-ch\" role=\"listitem\">\n\t\t\t<div class=\"elementor-post__card\">\n\t\t\t\t<a class=\"elementor-post__thumbnail__link\" href=\"https:\/\/www.eninter.com\/it-ch\/eninter-50-anni-di-successi-e-dedizione-uniti-come-una-grande-famiglia\/\" tabindex=\"-1\" ><div class=\"elementor-post__thumbnail\"><img loading=\"lazy\" decoding=\"async\" width=\"768\" height=\"551\" src=\"https:\/\/www.eninter.com\/wp-content\/uploads\/2023\/06\/50-Aniversario-ENINTER-768x551.png\" class=\"attachment-medium_large size-medium_large wp-image-12808\" alt=\"\" srcset=\"https:\/\/www.eninter.com\/wp-content\/uploads\/2023\/06\/50-Aniversario-ENINTER-768x551.png 768w, https:\/\/www.eninter.com\/wp-content\/uploads\/2023\/06\/50-Aniversario-ENINTER-300x215.png 300w, https:\/\/www.eninter.com\/wp-content\/uploads\/2023\/06\/50-Aniversario-ENINTER.png 940w\" sizes=\"(max-width: 768px) 100vw, 768px\" \/><\/div><\/a>\n\t\t\t\t<div class=\"elementor-post__text\">\n\t\t\t\t<h3 class=\"elementor-post__title\">\n\t\t\t<a href=\"https:\/\/www.eninter.com\/it-ch\/eninter-50-anni-di-successi-e-dedizione-uniti-come-una-grande-famiglia\/\" >\n\t\t\t\tENINTER: 50 anni di successi e dedizione, uniti come una grande famiglia\t\t\t<\/a>\n\t\t<\/h3>\n\t\t\t\t<\/div>\n\t\t\t\t\t<\/div>\n\t\t<\/article>\n\t\t\t\t<article class=\"elementor-post elementor-grid-item post-12798 post type-post status-publish format-standard has-post-thumbnail hentry category-ascensori-it-ch\" role=\"listitem\">\n\t\t\t<div class=\"elementor-post__card\">\n\t\t\t\t<a class=\"elementor-post__thumbnail__link\" href=\"https:\/\/www.eninter.com\/it-ch\/portale-clienti-eninter-lo-strumento-per-i-manager\/\" tabindex=\"-1\" ><div class=\"elementor-post__thumbnail\"><img loading=\"lazy\" decoding=\"async\" width=\"768\" height=\"432\" src=\"https:\/\/www.eninter.com\/wp-content\/uploads\/2022\/10\/Portal-del-Cliente-768x432.jpeg\" class=\"attachment-medium_large size-medium_large wp-image-12802\" alt=\"\" srcset=\"https:\/\/www.eninter.com\/wp-content\/uploads\/2022\/10\/Portal-del-Cliente-768x432.jpeg 768w, https:\/\/www.eninter.com\/wp-content\/uploads\/2022\/10\/Portal-del-Cliente-300x169.jpeg 300w, https:\/\/www.eninter.com\/wp-content\/uploads\/2022\/10\/Portal-del-Cliente-1024x576.jpeg 1024w, https:\/\/www.eninter.com\/wp-content\/uploads\/2022\/10\/Portal-del-Cliente.jpeg 1200w\" sizes=\"(max-width: 768px) 100vw, 768px\" \/><\/div><\/a>\n\t\t\t\t<div class=\"elementor-post__text\">\n\t\t\t\t<h3 class=\"elementor-post__title\">\n\t\t\t<a href=\"https:\/\/www.eninter.com\/it-ch\/portale-clienti-eninter-lo-strumento-per-i-manager\/\" >\n\t\t\t\tPortale clienti ENINTER, lo strumento per i manager\t\t\t<\/a>\n\t\t<\/h3>\n\t\t\t\t<\/div>\n\t\t\t\t\t<\/div>\n\t\t<\/article>\n\t\t\t\t<\/div>\n\t\t\n\t\t\t\t\t\t<\/div>\n\t\t\t\t<\/div>\n\t\t\t\t<div class=\"elementor-element elementor-element-3cb87fec elementor-align-center elementor-widget elementor-widget-button\" data-id=\"3cb87fec\" data-element_type=\"widget\" data-e-type=\"widget\" data-widget_type=\"button.default\">\n\t\t\t\t\t\t\t\t\t\t<a class=\"elementor-button elementor-button-link elementor-size-xs elementor-animation-shrink\" href=\"https:\/\/www.eninter.com\/it-ch\/blog\/\">\n\t\t\t\t\t\t<span class=\"elementor-button-content-wrapper\">\n\t\t\t\t\t\t\t\t\t<span class=\"elementor-button-text\">Vedi altre notizie<\/span>\n\t\t\t\t\t<\/span>\n\t\t\t\t\t<\/a>\n\t\t\t\t\t\t\t\t<\/div>\n\t\t\t\t\t<\/div>\n\t\t<\/div>\n\t\t\t\t\t<\/div>\n\t\t<\/section>\n\t\t\t\t<\/div>\n\t\t","protected":false},"excerpt":{"rendered":"<p>CONGRATULAZIONI! Il modulo \u00e8 stato inviato correttamente. Riceverete un&#8217;e-mail di convalida una volta creato il vostro account. La creazione dell&#8217;account del portale Eninter pu\u00f2 richiedere<\/p>\n","protected":false},"author":3,"featured_media":0,"parent":0,"menu_order":0,"comment_status":"closed","ping_status":"closed","template":"elementor_header_footer","meta":{"_acf_changed":false,"content-type":"","footnotes":""},"categories":[],"class_list":["post-12546","page","type-page","status-publish","hentry"],"acf":[],"_yoast_wpseo_focuskw":null,"_yoast_wpseo_metadesc":null,"yoast_head":"<!-- This site is optimized with the Yoast SEO Premium plugin v21.6 (Yoast SEO v27.5) - https:\/\/yoast.com\/product\/yoast-seo-premium-wordpress\/ -->\n<title>Grazie per il vostro portale - ENINTER<\/title>\n<meta name=\"robots\" content=\"index, follow, max-snippet:-1, max-image-preview:large, max-video-preview:-1\" \/>\n<link rel=\"canonical\" href=\"https:\/\/www.eninter.com\/it-ch\/grazie-per-il-vostro-portale\/\" \/>\n<meta property=\"og:locale\" content=\"it_IT\" \/>\n<meta property=\"og:type\" content=\"article\" \/>\n<meta property=\"og:title\" content=\"Grazie per il vostro portale\" \/>\n<meta property=\"og:description\" content=\"CONGRATULAZIONI! Il modulo \u00e8 stato inviato correttamente. Riceverete un&#8217;e-mail di convalida una volta creato il vostro account. La creazione dell&#8217;account del portale Eninter pu\u00f2 richiedere\" \/>\n<meta property=\"og:url\" content=\"https:\/\/www.eninter.com\/it-ch\/grazie-per-il-vostro-portale\/\" \/>\n<meta property=\"og:site_name\" content=\"ENINTER\" \/>\n<meta property=\"article:publisher\" content=\"https:\/\/www.facebook.com\/EninterAscensores\" \/>\n<meta property=\"article:modified_time\" content=\"2024-02-20T10:48:05+00:00\" \/>\n<meta name=\"twitter:card\" content=\"summary_large_image\" \/>\n<meta name=\"twitter:site\" content=\"@Eninter\" \/>\n<!-- \/ Yoast SEO Premium plugin. -->","yoast_head_json":{"title":"Grazie per il vostro portale - ENINTER","robots":{"index":"index","follow":"follow","max-snippet":"max-snippet:-1","max-image-preview":"max-image-preview:large","max-video-preview":"max-video-preview:-1"},"canonical":"https:\/\/www.eninter.com\/it-ch\/grazie-per-il-vostro-portale\/","og_locale":"it_IT","og_type":"article","og_title":"Grazie per il vostro portale","og_description":"CONGRATULAZIONI! Il modulo \u00e8 stato inviato correttamente. Riceverete un&#8217;e-mail di convalida una volta creato il vostro account. La creazione dell&#8217;account del portale Eninter pu\u00f2 richiedere","og_url":"https:\/\/www.eninter.com\/it-ch\/grazie-per-il-vostro-portale\/","og_site_name":"ENINTER","article_publisher":"https:\/\/www.facebook.com\/EninterAscensores","article_modified_time":"2024-02-20T10:48:05+00:00","twitter_card":"summary_large_image","twitter_site":"@Eninter","schema":{"@context":"https:\/\/schema.org","@graph":[{"@type":"WebPage","@id":"https:\/\/www.eninter.com\/it-ch\/grazie-per-il-vostro-portale\/","url":"https:\/\/www.eninter.com\/it-ch\/grazie-per-il-vostro-portale\/","name":"Grazie per il vostro portale - ENINTER","isPartOf":{"@id":"https:\/\/www.eninter.com\/it-ch\/#website"},"datePublished":"2023-09-13T14:48:13+00:00","dateModified":"2024-02-20T10:48:05+00:00","breadcrumb":{"@id":"https:\/\/www.eninter.com\/it-ch\/grazie-per-il-vostro-portale\/#breadcrumb"},"inLanguage":"it-CH","potentialAction":[{"@type":"ReadAction","target":["https:\/\/www.eninter.com\/it-ch\/grazie-per-il-vostro-portale\/"]}]},{"@type":"BreadcrumbList","@id":"https:\/\/www.eninter.com\/it-ch\/grazie-per-il-vostro-portale\/#breadcrumb","itemListElement":[{"@type":"ListItem","position":1,"name":"Portada","item":"https:\/\/www.eninter.com\/it-ch\/"},{"@type":"ListItem","position":2,"name":"Grazie per il vostro portale"}]},{"@type":"WebSite","@id":"https:\/\/www.eninter.com\/it-ch\/#website","url":"https:\/\/www.eninter.com\/it-ch\/","name":"ENINTER","description":"Mantenimiento de Ascensores Multimarca","publisher":{"@id":"https:\/\/www.eninter.com\/it-ch\/#organization"},"potentialAction":[{"@type":"SearchAction","target":{"@type":"EntryPoint","urlTemplate":"https:\/\/www.eninter.com\/it-ch\/?s={search_term_string}"},"query-input":{"@type":"PropertyValueSpecification","valueRequired":true,"valueName":"search_term_string"}}],"inLanguage":"it-CH"},{"@type":"Organization","@id":"https:\/\/www.eninter.com\/it-ch\/#organization","name":"Eniter","url":"https:\/\/www.eninter.com\/it-ch\/","logo":{"@type":"ImageObject","inLanguage":"it-CH","@id":"https:\/\/www.eninter.com\/it-ch\/#\/schema\/logo\/image\/","url":"https:\/\/www.eninter.com\/wp-content\/uploads\/2023\/08\/logo-eninter-png.png","contentUrl":"https:\/\/www.eninter.com\/wp-content\/uploads\/2023\/08\/logo-eninter-png.png","width":600,"height":340,"caption":"Eniter"},"image":{"@id":"https:\/\/www.eninter.com\/it-ch\/#\/schema\/logo\/image\/"},"sameAs":["https:\/\/www.facebook.com\/EninterAscensores","https:\/\/x.com\/Eninter","https:\/\/www.instagram.com\/eninterascensores\/","https:\/\/www.youtube.com\/user\/ascensoreseninter"]}]}},"_links":{"self":[{"href":"https:\/\/www.eninter.com\/it-ch\/wp-json\/wp\/v2\/pages\/12546","targetHints":{"allow":["GET"]}}],"collection":[{"href":"https:\/\/www.eninter.com\/it-ch\/wp-json\/wp\/v2\/pages"}],"about":[{"href":"https:\/\/www.eninter.com\/it-ch\/wp-json\/wp\/v2\/types\/page"}],"author":[{"embeddable":true,"href":"https:\/\/www.eninter.com\/it-ch\/wp-json\/wp\/v2\/users\/3"}],"replies":[{"embeddable":true,"href":"https:\/\/www.eninter.com\/it-ch\/wp-json\/wp\/v2\/comments?post=12546"}],"version-history":[{"count":0,"href":"https:\/\/www.eninter.com\/it-ch\/wp-json\/wp\/v2\/pages\/12546\/revisions"}],"wp:attachment":[{"href":"https:\/\/www.eninter.com\/it-ch\/wp-json\/wp\/v2\/media?parent=12546"}],"wp:term":[{"taxonomy":"category","embeddable":true,"href":"https:\/\/www.eninter.com\/it-ch\/wp-json\/wp\/v2\/categories?post=12546"}],"curies":[{"name":"wp","href":"https:\/\/api.w.org\/{rel}","templated":true}]}}