{"id":11020,"date":"2023-05-22T06:41:38","date_gmt":"2023-05-22T05:41:38","guid":{"rendered":"https:\/\/www.eninter.com\/informativa-sulla-privacy\/"},"modified":"2025-09-01T15:43:37","modified_gmt":"2025-09-01T14:43:37","slug":"informativa-sulla-privacy","status":"publish","type":"page","link":"https:\/\/www.eninter.com\/it\/informativa-sulla-privacy\/","title":{"rendered":"Informativa sulla privacy"},"content":{"rendered":"<\/p>\n<h2>Informativa sulla privacy<\/h2>\n<p><b>INFORMAZIONI DI BASE SULLA PROTEZIONE DEI DATI<\/b><\/p>\n<p>Responsabile: ASCENSORES ENINTER, S.L.<\/p>\n<p>Finalit\u00e0: utilizziamo i vostri dati, tra l&#8217;altro, per gestire la contrattazione di prodotti e servizi, per rispondere alle vostre domande e, se del caso, per inviarvi comunicazioni personalizzate.<\/p>\n<p>Legittimazione: La legittimit\u00e0 del trattamento dei vostri dati risiede principalmente nel consenso esplicito dell&#8217;utente.<\/p>\n<p>Destinatari: I suoi dati saranno trattati da altre societ\u00e0 del Gruppo e da terzi collaboratori che lavorano con ASCENSORES ENINTER, S.L.<\/p>\n<p>Diritti: avete il diritto di accedere, rettificare, cancellare, opporvi, limitare e richiedere la portabilit\u00e0 dei vostri dati personali.<br \/>Ulteriori informazioni: \u00e8 possibile trovare ulteriori informazioni dettagliate su come trattiamo i vostri dati personali e sui diritti di cui disponete consultando il testo completo dell&#8217;Informativa sulla privacy qui di seguito, nonch\u00e9 l&#8217;<a href=\"https:\/\/www.eninter.com\/politica-cookies-eninter.php\">Informativa sui cookie<\/a>.<\/p>\n<p><b>INFORMAZIONI AGGIUNTIVE SULLA PROTEZIONE DEI DATI<\/b><\/p>\n<p>ASCENSORES ENINTER, S.L. si impegna, in qualit\u00e0 di responsabile del trattamento dei Suoi dati personali, ad adottare le misure tecniche e organizzative necessarie per garantire che il trattamento dei Suoi dati sia conforme alle disposizioni del Regolamento (UE) 2016\/679 (di seguito, &#8220;GDPR&#8221;) e della Legge Organica 3\/2018, del 5 dicembre, sulla protezione dei dati personali e la garanzia dei diritti digitali (di seguito, Legge Organica 3\/2018).<\/p>\n<p>ASCENSORES ENINTER, S.L. tratta i vostri dati personali in modo lecito e leale, assicurandosi che ricevano una protezione adeguata e che non siano oggetto di un uso improprio. Allo stesso modo, ASCENSORES ENINTER, S.L. desidera essere trasparente nella gestione dei dati personali dei propri clienti e utenti, fornendo loro tutte le informazioni necessarie sulla raccolta e sul trattamento dei loro dati.<\/p>\n<p>Lo scopo della presente Informativa sulla privacy \u00e8 quindi quello di informarvi su chi tratter\u00e0 i vostri dati personali, sul motivo per cui li raccogliamo, su quanto tempo conserveremo i dati raccolti, su chi li trasmetter\u00e0 e su quali sono i vostri diritti in questo ambito.<\/p>\n<p>Fornendoci i vostri dati personali e utilizzando il nostro sito web, siamo consapevoli che avete letto e compreso le informazioni sulla protezione dei dati personali contenute nella presente Informativa sulla privacy e nell&#8217;<a href=\"https:\/\/www.eninter.com\/politica-cookies-eninter.php\">Informativa sui cookie<\/a>.<\/p>\n<p><b>1. CHI \u00c8 IL RESPONSABILE DEL TRATTAMENTO DEI DATI?<\/b><\/p>\n<p>Il Titolare del trattamento dei Suoi dati personali \u00e8:<\/p>\n<p>Nome della societ\u00e0: ASCENSORES ENINTER, S.L.<br \/>CODICE FISCALE: B08875205<br \/>Telefono: 933 77 94 51<br \/>Indirizzo postale: Ctra. de l&#8217;Hospitalet, 52, 08940, Cornell\u00e0 de Llobregat (Barcellona)<br \/>E-mail: protecciondatos@eninter.com<\/p>\n<p><b>2. PER QUALI FINALIT\u00c0 TRATTIAMO I VOSTRI DATI PERSONALI?<\/b><\/p>\n<p>A seconda dei prodotti, servizi o funzionalit\u00e0 richiesti dai clienti e dagli utenti, ASCENSORES ENINTER, S.L. dovr\u00e0 trattare alcuni dati o altri che, in generale, saranno i seguenti:<\/p>\n<p>&#8211; Dati identificativi e di contatto: nome, cognome, numero di telefono di contatto, indirizzo postale, indirizzo e-mail, tra gli altri;<br \/>&#8211; Dati raccolti automaticamente: quando l&#8217;utente interagisce con il nostro sito web vengono raccolti automaticamente alcuni dati di navigazione. Queste informazioni vengono raccolte attraverso i cookie, la cui regolamentazione \u00e8 dettagliata nella Politica sui cookie di ASCENSORES ENINTER, S.L.;<\/p>\n<p>Le informazioni che possiamo raccogliere automaticamente si riferiscono all&#8217;uso del nostro sito web e ai dispositivi utilizzati per accedervi e interagire con esso. Alcuni dei dati che raccogliamo sono: l&#8217;indirizzo IP, il software del browser utilizzato dall&#8217;utente, la data e l&#8217;ora di accesso al sito web, l&#8217;indirizzo Internet del sito web attraverso il quale l&#8217;utente \u00e8 entrato nel nostro sito web, informazioni sulle pagine visitate dall&#8217;utente all&#8217;interno del sito web e il tempo trascorso su ciascuna pagina, tra gli altri.<\/p>\n<p>I dati personali raccolti sono trattati per le seguenti finalit\u00e0:<\/p>\n<p>&#8211; Per gestire la contrattazione dei prodotti e dei servizi offerti da ASCENSORES ENINTER, S.L.: per potervi fornire il prodotto o il servizio da voi richiesto e per poter gestire la nostra attivit\u00e0 internamente (in termini di contabilit\u00e0, revisione contabile e altre funzioni interne);<br \/>&#8211; Selezione del personale attraverso la ricezione dei CV;<br \/>&#8211; Analisi della qualit\u00e0: per realizzare indagini sulla soddisfazione dei clienti e degli utenti in relazione alla qualit\u00e0 dei prodotti e dei servizi offerti da ASCENSORES ENINTER, S.L.;<br \/>&#8211; Servizio ai clienti e agli utenti: incanalare e rispondere alle loro richieste, domande e reclami per la loro gestione e risoluzione;<br \/>&#8211; Azioni pubblicitarie e di marketing: comprendono principalmente la personalizzazione dei servizi offerti e la formulazione di raccomandazioni basate sull&#8217;interazione con ASCENSORES ENINTER, S.L. attraverso il sito web (ad esempio, in base alla cronologia degli acquisti e della navigazione). Se ci date il vostro consenso, i vostri dati personali saranno utilizzati per inviarvi periodicamente informazioni su nuovi prodotti che potrebbero interessarvi e per offrirvi promozioni;<br \/>&#8211; Per migliorare l&#8217;esperienza dell&#8217;utente sul sito web: per realizzare studi analitici e statistici sulle modalit\u00e0 di navigazione degli utenti sul sito web di ASCENSORES ENINTER, S.L..<\/p>\n<p><b>3. QUAL \u00c8 LA LEGITTIMIT\u00c0 DEL TRATTAMENTO DEI VOSTRI DATI?<\/b><\/p>\n<p>La base giuridica che ci consente di trattare i vostri dati personali dipende dallo scopo per cui li trattiamo, come indicato di seguito:<br \/>&#8211; Per gestire la contrattazione dei prodotti e dei servizi offerti da ASCENSORES ENINTER, S.L. Il trattamento dei vostri dati \u00e8 necessario per la corretta conclusione e il corretto sviluppo del rapporto contrattuale con ASCENSORES ENINTER, S.L. La legittimit\u00e0 del trattamento dei vostri dati risiede anche nel vostro consenso (quando decidete di contrattare i nostri prodotti o servizi) e nel legittimo interesse di ASCENSORES ENINTER, S.L. a effettuare i controlli del caso per identificare e prevenire eventuali frodi, nonch\u00e9 per motivi di sicurezza;<br \/>&#8211; Analisi della qualit\u00e0. La legittimit\u00e0 del trattamento dei vostri dati risiede nel legittimo interesse di ASCENSORES ENINTER, S.L. ad analizzare il grado di soddisfazione dei clienti e degli utenti, al fine di poter offrire loro prodotti e servizi della massima qualit\u00e0;<br \/>&#8211; Attenzione agli utenti e ai clienti. La legittimit\u00e0 del trattamento dei vostri dati risiede nel legittimo interesse di ASCENSORES ENINTER, S.L. a rispondere alle vostre richieste e reclami per potervi assistere adeguatamente e risolvere le vostre richieste. In caso di reclami o incidenti relativi al prodotto o al servizio acquistato, il trattamento dei vostri dati \u00e8 necessario affinch\u00e9 ASCENSORES ENINTER, S.L. possa adempiere ai propri obblighi contrattuali. In caso di domande relative all&#8217;esercizio dei vostri diritti legalmente riconosciuti in materia di protezione dei dati, ASCENSORES ENINTER, S.L. richiede il trattamento dei vostri dati per adempiere agli obblighi legali che la vincolano in questo ambito;<br \/>&#8211; Azioni di pubblicit\u00e0 e marketing. La base giuridica del trattamento dei vostri dati per scopi pubblicitari e di marketing \u00e8 il consenso che ci date per inviarvi comunicazioni commerciali (che possono essere personalizzate) e il legittimo interesse di ASCENSORES ENINTER, S.L. a inviarvi comunicazioni simili a quei servizi o prodotti contrattati in passato o per i quali avete mostrato interesse.<br \/>&#8211; Migliorare l&#8217;esperienza dell&#8217;utente sul sito web di ASCENSORES ENINTER, S.L. La legittimit\u00e0 del trattamento dei dati dell&#8217;utente risiede nel legittimo interesse di ASCENSORES ENINTER, S.L. a conoscere il grado di soddisfazione degli utenti e ad adottare le opportune misure correttive per migliorare la qualit\u00e0 dei nostri servizi.<\/p>\n<p><b>4. PER QUANTO TEMPO CONSERVEREMO I VOSTRI DATI?<\/b><\/p>\n<p>I vostri dati personali saranno debitamente conservati per il tempo necessario ad essere utilizzati per lo scopo per cui sono stati raccolti.<\/p>\n<p>Se un utente invia il proprio curriculum vitae ad ASCENSORES ENINTER, S.L., questo verr\u00e0 conservato per un massimo di due anni.<\/p>\n<p>I dati personali saranno conservati, utilizzando misure di sicurezza adeguate per garantirne l&#8217;accuratezza e l&#8217;integrit\u00e0, per tutto il tempo in cui il loro trattamento \u00e8 necessario per lo scopo per cui sono stati raccolti o fino a quando non si esercita il diritto alla cancellazione o alla limitazione del trattamento.<\/p>\n<p>In questi casi, conserveremo i vostri dati personali bloccati, senza elaborarli e per i periodi previsti dalla legge, per far fronte a eventuali responsabilit\u00e0 e per poter dimostrare il rispetto dei nostri obblighi legali e contrattuali. Successivamente, ASCENSORES ENINTER, S.L. canceller\u00e0 definitivamente i vostri dati personali.<\/p>\n<p><b>5. CON CHI POSSIAMO CONDIVIDERE I VOSTRI DATI?<\/b><\/p>\n<p>I vostri dati personali saranno trattati dai membri di ASCENSORES ENINTER, S.L. che agiscono per conto dell&#8217;organizzazione e nei confronti dei quali sono stati stipulati i relativi contratti, che prevedono specifici obblighi di riservatezza e di gestione diligente dei dati personali in conformit\u00e0 con la legislazione in materia.<\/p>\n<p>In alcuni casi, per adempiere alle finalit\u00e0 indicate nella presente Informativa sulla privacy, ASCENSORES ENINTER, S.L. ha bisogno di condividere i dati personali dell&#8217;utente con altre societ\u00e0 del Gruppo e con i seguenti soggetti terzi:<br \/>&#8211; fornitori di servizi tecnologici e di analisi;<br \/>&#8211; fornitori e partner di servizi logistici, di trasporto e di consegna, e\/o stabilimenti che collaborano con loro;<br \/>&#8211; fornitori di servizi alla clientela;<br \/>&#8211; fornitori di servizi di marketing e pubblicitari e partner;<br \/>&#8211; autorit\u00e0 ed enti pubblici al fine di: ottemperare a un ordine del tribunale, a una citazione in giudizio o a un&#8217;indagine o come altrimenti richiesto dalla legge; gestire potenziali responsabilit\u00e0 derivanti dal trattamento dei dati personali; prevenire usi illegali del nostro sito web o violazioni delle nostre politiche sul sito web; gestire reclami di terzi; assistere nella prevenzione e nell&#8217;indagine di sospette frodi; tra gli altri.<br \/>Questi partner terzi hanno accesso solo alle informazioni personali necessarie per svolgere i servizi in questione e sono tenuti a non utilizzarle per scopi diversi da quelli per cui sono state richieste. ASCENSORES ENINTER, S.L. esige anche da questi terzi lo stesso grado di protezione e riservatezza che noi applichiamo nella gestione dei vostri dati personali. Allo stesso modo, tutti loro sono soggetti agli obblighi previsti nei rispettivi contratti di trattamento dei dati con ASCENSORES ENINTER, S.L.<\/p>\n<p><b>6. QUALI SONO I VOSTRI DIRITTI?<\/b><\/p>\n<p>Avete il diritto di esercitare i seguenti diritti in relazione al trattamento dei vostri dati personali:<br \/>&#8211; Accesso (art. 15 RGPD): vi consente di ottenere alcune informazioni sulle finalit\u00e0 del trattamento dei vostri dati, sui destinatari a cui vengono comunicati o sulle categorie di dati trattati, tra gli altri.<br \/>&#8211; Rettifica (art. 16 RGPD): consente di rivolgersi al Titolare del trattamento per modificare i dati personali inesatti e completare quelli incompleti.<br \/>&#8211; Cancellazione (art. 17 RGPD): consente di richiedere la cancellazione, senza ingiustificato ritardo, dei propri dati personali oggetto di trattamento da parte del Titolare del trattamento.<br \/>&#8211; Limitazione del trattamento (art. 18 RGPD): consente di ottenere dal Titolare del trattamento la limitazione del trattamento dei propri dati.<br \/>&#8211; Portabilit\u00e0 (art. 20 GDPR): consente di ricevere i propri dati personali o di farli trasmettere a terzi, in un formato strutturato, di uso comune e leggibile da dispositivo automatico.<br \/>&#8211; Opposizione (art. 21 RGPD): consente di opporsi al trattamento dei dati da parte del Titolare del trattamento. Tuttavia, l&#8217;utente pu\u00f2 esercitare tale diritto solo in relazione a trattamenti tutelati sulla base del legittimo interesse pubblico o del legittimo interesse del Titolare del trattamento.<\/p>\n<p>6.1. Come posso esercitare i miei diritti?<\/p>\n<p>Al fine di esercitare i propri diritti di protezione dei dati, ASCENSORES ENINTER, S.L. mette a disposizione dell&#8217;utente i seguenti mezzi:<br \/>&#8211; Mediante una richiesta scritta e firmata indirizzata a ASCENSORES ENINTER, S.L., indicando il motivo della richiesta e il diritto che si desidera esercitare, allegando una fotocopia della carta d&#8217;identit\u00e0 o di un documento equivalente che provi l&#8217;identit\u00e0 del richiedente;<br \/>&#8211; Inviando il modulo compilato e firmato, allegando una fotocopia della carta d&#8217;identit\u00e0 o di un documento equivalente che attesti l&#8217;identit\u00e0 del richiedente, al seguente indirizzo e-mail: protecciondatos@eninter.com<\/p>\n<p>Di seguito sono riportati i moduli per l&#8217;esercizio dei vari diritti:<br \/>&#8211; Diritto di accesso: https:\/\/www.aepd.es\/sites\/default\/files\/2019-09\/formulario-derecho-de-acceso.pdf<br \/>&#8211; Diritto di rettifica: https:\/\/www.aepd.es\/sites\/default\/files\/2019-09\/formulario-derecho-de-rectificacion.pdfv<br \/>&#8211; Diritto di cancellazione: https:\/\/www.aepd.es\/sites\/default\/files\/2019-09\/formulario-derecho-de-supresion.pdf<br \/>&#8211; Diritto di limitare il trattamento: https:\/\/www.aepd.es\/sites\/default\/files\/2019-09\/formulario-derecho-de-limitacion.pdf<br \/>&#8211; Diritto alla portabilit\u00e0: https:\/\/www.aepd.es\/sites\/default\/files\/2019-09\/formulario-derecho-de-portabilidad.pdf<br \/>&#8211; Diritto di opposizione: https:\/\/www.aepd.es\/sites\/default\/files\/2019-09\/formulario-derecho-de-oposicion.pdf<br \/>&#8211; Diritto di opposizione al trattamento automatizzato: https:\/\/www.aepd.es\/sites\/default\/files\/2019-09\/formulario-derecho-de-oposicion-decisiones-automatizadas.pdf<\/p>\n<p>L&#8217;utente ha inoltre il diritto di rivolgersi all&#8217;Agenzia spagnola per la protezione dei dati (https:\/\/www.agpd.es\/portalwebAGPD\/index-ides-idphp.php) per qualsiasi reclamo derivante dal trattamento dei suoi dati personali.<\/p>\n<p><b>7. MODIFICHE ALL&#8217;INFORMATIVA SULLA PRIVACY<\/b><\/p>\n<p>La presente Informativa sulla privacy \u00e8 soggetta a revisione continua da parte di ASCENSORES ENINTER, S.L., e sar\u00e0 modificata ogni volta che sar\u00e0 necessario per adattarla alla legislazione vigente in qualsiasi momento o a qualsiasi variazione del nostro sito web.<\/p>\n<p>Nel caso in cui l&#8217;aggiornamento dell&#8217;Informativa comporti una modifica sostanziale al trattamento dei vostri dati personali, vi informeremo di tale modifica attraverso il nostro sito web (mediante un banner, un pop-up o una notifica push) in modo che possiate esaminarla e valutarla.<\/p>\n<p>Vi consigliamo pertanto di rivedere periodicamente l&#8217;Informativa sulla privacy per tenervi informati su eventuali nuovi sviluppi relativi al trattamento dei vostri dati personali.<\/p><\/p>\n","protected":false},"excerpt":{"rendered":"<p>Informativa sulla privacy INFORMAZIONI DI BASE SULLA PROTEZIONE DEI DATI Responsabile: ASCENSORES ENINTER, S.L. Finalit\u00e0: utilizziamo i vostri dati, tra l&#8217;altro, per gestire la contrattazione di prodotti e servizi, per rispondere alle vostre domande e, se del caso, per inviarvi comunicazioni personalizzate. Legittimazione: La legittimit\u00e0 del trattamento dei vostri dati risiede principalmente nel consenso esplicito [&hellip;]<\/p>\n","protected":false},"author":3,"featured_media":0,"parent":0,"menu_order":0,"comment_status":"closed","ping_status":"open","template":"","meta":{"_acf_changed":false,"content-type":"","footnotes":""},"categories":[],"class_list":["post-11020","page","type-page","status-publish","hentry"],"acf":[],"_yoast_wpseo_focuskw":null,"_yoast_wpseo_metadesc":null,"yoast_head":"<!-- This site is optimized with the Yoast SEO Premium plugin v21.6 (Yoast SEO v27.2) - https:\/\/yoast.com\/product\/yoast-seo-premium-wordpress\/ -->\n<title>Informativa sulla privacy - ENINTER<\/title>\n<meta name=\"robots\" content=\"noindex, nofollow\" \/>\n<meta property=\"og:locale\" content=\"it_IT\" \/>\n<meta property=\"og:type\" content=\"article\" \/>\n<meta property=\"og:title\" content=\"Informativa sulla privacy\" \/>\n<meta property=\"og:description\" content=\"Informativa sulla privacy INFORMAZIONI DI BASE SULLA PROTEZIONE DEI DATI Responsabile: ASCENSORES ENINTER, S.L. Finalit\u00e0: utilizziamo i vostri dati, tra l&#8217;altro, per gestire la contrattazione di prodotti e servizi, per rispondere alle vostre domande e, se del caso, per inviarvi comunicazioni personalizzate. Legittimazione: La legittimit\u00e0 del trattamento dei vostri dati risiede principalmente nel consenso esplicito [&hellip;]\" \/>\n<meta property=\"og:url\" content=\"https:\/\/www.eninter.com\/it\/informativa-sulla-privacy\/\" \/>\n<meta property=\"og:site_name\" content=\"ENINTER\" \/>\n<meta property=\"article:publisher\" content=\"https:\/\/www.facebook.com\/EninterAscensores\" \/>\n<meta property=\"article:modified_time\" content=\"2025-09-01T14:43:37+00:00\" \/>\n<meta name=\"twitter:card\" content=\"summary_large_image\" \/>\n<meta name=\"twitter:site\" content=\"@Eninter\" \/>\n<meta name=\"twitter:label1\" content=\"Tempo di lettura stimato\" \/>\n\t<meta name=\"twitter:data1\" content=\"11 minuti\" \/>\n<!-- \/ Yoast SEO Premium plugin. -->","yoast_head_json":{"title":"Informativa sulla privacy - ENINTER","robots":{"index":"noindex","follow":"nofollow"},"og_locale":"it_IT","og_type":"article","og_title":"Informativa sulla privacy","og_description":"Informativa sulla privacy INFORMAZIONI DI BASE SULLA PROTEZIONE DEI DATI Responsabile: ASCENSORES ENINTER, S.L. Finalit\u00e0: utilizziamo i vostri dati, tra l&#8217;altro, per gestire la contrattazione di prodotti e servizi, per rispondere alle vostre domande e, se del caso, per inviarvi comunicazioni personalizzate. Legittimazione: La legittimit\u00e0 del trattamento dei vostri dati risiede principalmente nel consenso esplicito [&hellip;]","og_url":"https:\/\/www.eninter.com\/it\/informativa-sulla-privacy\/","og_site_name":"ENINTER","article_publisher":"https:\/\/www.facebook.com\/EninterAscensores","article_modified_time":"2025-09-01T14:43:37+00:00","twitter_card":"summary_large_image","twitter_site":"@Eninter","twitter_misc":{"Tempo di lettura stimato":"11 minuti"},"schema":{"@context":"https:\/\/schema.org","@graph":[{"@type":"WebPage","@id":"https:\/\/www.eninter.com\/it\/informativa-sulla-privacy\/","url":"https:\/\/www.eninter.com\/it\/informativa-sulla-privacy\/","name":"Informativa sulla privacy - ENINTER","isPartOf":{"@id":"https:\/\/www.eninter.com\/it\/#website"},"datePublished":"2023-05-22T05:41:38+00:00","dateModified":"2025-09-01T14:43:37+00:00","breadcrumb":{"@id":"https:\/\/www.eninter.com\/it\/informativa-sulla-privacy\/#breadcrumb"},"inLanguage":"it-IT","potentialAction":[{"@type":"ReadAction","target":["https:\/\/www.eninter.com\/it\/informativa-sulla-privacy\/"]}]},{"@type":"BreadcrumbList","@id":"https:\/\/www.eninter.com\/it\/informativa-sulla-privacy\/#breadcrumb","itemListElement":[{"@type":"ListItem","position":1,"name":"Portada","item":"https:\/\/www.eninter.com\/it\/"},{"@type":"ListItem","position":2,"name":"Informativa sulla privacy"}]},{"@type":"WebSite","@id":"https:\/\/www.eninter.com\/it\/#website","url":"https:\/\/www.eninter.com\/it\/","name":"ENINTER","description":"Mantenimiento de Ascensores Multimarca","publisher":{"@id":"https:\/\/www.eninter.com\/it\/#organization"},"potentialAction":[{"@type":"SearchAction","target":{"@type":"EntryPoint","urlTemplate":"https:\/\/www.eninter.com\/it\/?s={search_term_string}"},"query-input":{"@type":"PropertyValueSpecification","valueRequired":true,"valueName":"search_term_string"}}],"inLanguage":"it-IT"},{"@type":"Organization","@id":"https:\/\/www.eninter.com\/it\/#organization","name":"Eniter","url":"https:\/\/www.eninter.com\/it\/","logo":{"@type":"ImageObject","inLanguage":"it-IT","@id":"https:\/\/www.eninter.com\/it\/#\/schema\/logo\/image\/","url":"https:\/\/www.eninter.com\/wp-content\/uploads\/2023\/08\/logo-eninter-png.png","contentUrl":"https:\/\/www.eninter.com\/wp-content\/uploads\/2023\/08\/logo-eninter-png.png","width":600,"height":340,"caption":"Eniter"},"image":{"@id":"https:\/\/www.eninter.com\/it\/#\/schema\/logo\/image\/"},"sameAs":["https:\/\/www.facebook.com\/EninterAscensores","https:\/\/x.com\/Eninter","https:\/\/www.instagram.com\/eninterascensores\/","https:\/\/www.youtube.com\/user\/ascensoreseninter"]}]}},"_links":{"self":[{"href":"https:\/\/www.eninter.com\/it\/wp-json\/wp\/v2\/pages\/11020","targetHints":{"allow":["GET"]}}],"collection":[{"href":"https:\/\/www.eninter.com\/it\/wp-json\/wp\/v2\/pages"}],"about":[{"href":"https:\/\/www.eninter.com\/it\/wp-json\/wp\/v2\/types\/page"}],"author":[{"embeddable":true,"href":"https:\/\/www.eninter.com\/it\/wp-json\/wp\/v2\/users\/3"}],"replies":[{"embeddable":true,"href":"https:\/\/www.eninter.com\/it\/wp-json\/wp\/v2\/comments?post=11020"}],"version-history":[{"count":0,"href":"https:\/\/www.eninter.com\/it\/wp-json\/wp\/v2\/pages\/11020\/revisions"}],"wp:attachment":[{"href":"https:\/\/www.eninter.com\/it\/wp-json\/wp\/v2\/media?parent=11020"}],"wp:term":[{"taxonomy":"category","embeddable":true,"href":"https:\/\/www.eninter.com\/it\/wp-json\/wp\/v2\/categories?post=11020"}],"curies":[{"name":"wp","href":"https:\/\/api.w.org\/{rel}","templated":true}]}}