{"id":26339,"date":"2025-06-25T13:27:15","date_gmt":"2025-06-25T13:27:15","guid":{"rendered":"https:\/\/www.eninter.com\/?page_id=26339"},"modified":"2026-02-06T12:53:41","modified_gmt":"2026-02-06T11:53:41","slug":"manutenzione-di-ascensori-a-milano","status":"publish","type":"page","link":"https:\/\/www.eninter.com\/it\/manutenzione-di-ascensori-a-milano\/","title":{"rendered":"Manutenzione di ascensori a Milano"},"content":{"rendered":"","protected":false},"excerpt":{"rendered":"<p>A Milano, Eninter si impegna nella vostra mobilit\u00e0 verticale come nessun altro. Il nostro servizio di manutenzione di ascensori \u00e8 concepito per assicurare sicurezza e comfort in ogni elevatore, migliorando la vita in questa citt\u00e0 dinamica.<\/p>\n","protected":false},"author":7,"featured_media":27869,"parent":0,"menu_order":0,"comment_status":"closed","ping_status":"closed","template":"","meta":{"_acf_changed":false,"content-type":"","footnotes":""},"categories":[446,437],"class_list":["post-26339","page","type-page","status-publish","has-post-thumbnail","hentry","category-ciudades-it","category-mantenimiento-italia"],"acf":[],"_yoast_wpseo_focuskw":null,"_yoast_wpseo_metadesc":null,"yoast_head":"<!-- This site is optimized with the Yoast SEO Premium plugin v21.6 (Yoast SEO v27.5) - https:\/\/yoast.com\/product\/yoast-seo-premium-wordpress\/ -->\n<title>Manutenzione di ascensori a Milano - ENINTER<\/title>\n<meta name=\"robots\" content=\"index, follow, max-snippet:-1, max-image-preview:large, max-video-preview:-1\" \/>\n<link rel=\"canonical\" href=\"https:\/\/www.eninter.com\/it\/manutenzione-di-ascensori-a-milano\/\" \/>\n<meta property=\"og:locale\" content=\"it_IT\" \/>\n<meta property=\"og:type\" content=\"article\" \/>\n<meta property=\"og:title\" content=\"Manutenzione di ascensori a Milano\" \/>\n<meta property=\"og:description\" content=\"A Milano, Eninter si impegna nella vostra mobilit\u00e0 verticale come nessun altro. Il nostro servizio di manutenzione di ascensori \u00e8 concepito per assicurare sicurezza e comfort in ogni elevatore, migliorando la vita in questa citt\u00e0 dinamica.\" \/>\n<meta property=\"og:url\" content=\"https:\/\/www.eninter.com\/it\/manutenzione-di-ascensori-a-milano\/\" \/>\n<meta property=\"og:site_name\" content=\"ENINTER\" \/>\n<meta property=\"article:publisher\" content=\"https:\/\/www.facebook.com\/EninterAscensores\" \/>\n<meta property=\"article:modified_time\" content=\"2026-02-06T11:53:41+00:00\" \/>\n<meta property=\"og:image\" content=\"https:\/\/www.eninter.com\/wp-content\/uploads\/2025\/08\/Duomo-di-Milano-at-Night.webp\" \/>\n\t<meta property=\"og:image:width\" content=\"960\" \/>\n\t<meta property=\"og:image:height\" content=\"640\" \/>\n\t<meta property=\"og:image:type\" content=\"image\/webp\" \/>\n<meta name=\"twitter:card\" content=\"summary_large_image\" \/>\n<meta name=\"twitter:site\" content=\"@Eninter\" \/>\n<meta name=\"twitter:label1\" content=\"Tempo di lettura stimato\" \/>\n\t<meta name=\"twitter:data1\" content=\"1 minuto\" \/>\n<!-- \/ Yoast SEO Premium plugin. -->","yoast_head_json":{"title":"Manutenzione di ascensori a Milano - ENINTER","robots":{"index":"index","follow":"follow","max-snippet":"max-snippet:-1","max-image-preview":"max-image-preview:large","max-video-preview":"max-video-preview:-1"},"canonical":"https:\/\/www.eninter.com\/it\/manutenzione-di-ascensori-a-milano\/","og_locale":"it_IT","og_type":"article","og_title":"Manutenzione di ascensori a Milano","og_description":"A Milano, Eninter si impegna nella vostra mobilit\u00e0 verticale come nessun altro. Il nostro servizio di manutenzione di ascensori \u00e8 concepito per assicurare sicurezza e comfort in ogni elevatore, migliorando la vita in questa citt\u00e0 dinamica.","og_url":"https:\/\/www.eninter.com\/it\/manutenzione-di-ascensori-a-milano\/","og_site_name":"ENINTER","article_publisher":"https:\/\/www.facebook.com\/EninterAscensores","article_modified_time":"2026-02-06T11:53:41+00:00","og_image":[{"width":960,"height":640,"url":"https:\/\/www.eninter.com\/wp-content\/uploads\/2025\/08\/Duomo-di-Milano-at-Night.webp","type":"image\/webp"}],"twitter_card":"summary_large_image","twitter_site":"@Eninter","twitter_misc":{"Tempo di lettura stimato":"1 minuto"},"schema":{"@context":"https:\/\/schema.org","@graph":[{"@type":"WebPage","@id":"https:\/\/www.eninter.com\/it\/manutenzione-di-ascensori-a-milano\/","url":"https:\/\/www.eninter.com\/it\/manutenzione-di-ascensori-a-milano\/","name":"Manutenzione di ascensori a Milano - ENINTER","isPartOf":{"@id":"https:\/\/www.eninter.com\/it\/#website"},"primaryImageOfPage":{"@id":"https:\/\/www.eninter.com\/it\/manutenzione-di-ascensori-a-milano\/#primaryimage"},"image":{"@id":"https:\/\/www.eninter.com\/it\/manutenzione-di-ascensori-a-milano\/#primaryimage"},"thumbnailUrl":"https:\/\/www.eninter.com\/wp-content\/uploads\/2025\/08\/Duomo-di-Milano-at-Night.webp","datePublished":"2025-06-25T13:27:15+00:00","dateModified":"2026-02-06T11:53:41+00:00","breadcrumb":{"@id":"https:\/\/www.eninter.com\/it\/manutenzione-di-ascensori-a-milano\/#breadcrumb"},"inLanguage":"it-IT","potentialAction":[{"@type":"ReadAction","target":["https:\/\/www.eninter.com\/it\/manutenzione-di-ascensori-a-milano\/"]}]},{"@type":"ImageObject","inLanguage":"it-IT","@id":"https:\/\/www.eninter.com\/it\/manutenzione-di-ascensori-a-milano\/#primaryimage","url":"https:\/\/www.eninter.com\/wp-content\/uploads\/2025\/08\/Duomo-di-Milano-at-Night.webp","contentUrl":"https:\/\/www.eninter.com\/wp-content\/uploads\/2025\/08\/Duomo-di-Milano-at-Night.webp","width":960,"height":640},{"@type":"BreadcrumbList","@id":"https:\/\/www.eninter.com\/it\/manutenzione-di-ascensori-a-milano\/#breadcrumb","itemListElement":[{"@type":"ListItem","position":1,"name":"Portada","item":"https:\/\/www.eninter.com\/it\/"},{"@type":"ListItem","position":2,"name":"Manutenzione di ascensori a Milano"}]},{"@type":"WebSite","@id":"https:\/\/www.eninter.com\/it\/#website","url":"https:\/\/www.eninter.com\/it\/","name":"ENINTER","description":"Mantenimiento de Ascensores Multimarca","publisher":{"@id":"https:\/\/www.eninter.com\/it\/#organization"},"potentialAction":[{"@type":"SearchAction","target":{"@type":"EntryPoint","urlTemplate":"https:\/\/www.eninter.com\/it\/?s={search_term_string}"},"query-input":{"@type":"PropertyValueSpecification","valueRequired":true,"valueName":"search_term_string"}}],"inLanguage":"it-IT"},{"@type":"Organization","@id":"https:\/\/www.eninter.com\/it\/#organization","name":"Eniter","url":"https:\/\/www.eninter.com\/it\/","logo":{"@type":"ImageObject","inLanguage":"it-IT","@id":"https:\/\/www.eninter.com\/it\/#\/schema\/logo\/image\/","url":"https:\/\/www.eninter.com\/wp-content\/uploads\/2023\/08\/logo-eninter-png.png","contentUrl":"https:\/\/www.eninter.com\/wp-content\/uploads\/2023\/08\/logo-eninter-png.png","width":600,"height":340,"caption":"Eniter"},"image":{"@id":"https:\/\/www.eninter.com\/it\/#\/schema\/logo\/image\/"},"sameAs":["https:\/\/www.facebook.com\/EninterAscensores","https:\/\/x.com\/Eninter","https:\/\/www.instagram.com\/eninterascensores\/","https:\/\/www.youtube.com\/user\/ascensoreseninter"]}]}},"_links":{"self":[{"href":"https:\/\/www.eninter.com\/it\/wp-json\/wp\/v2\/pages\/26339","targetHints":{"allow":["GET"]}}],"collection":[{"href":"https:\/\/www.eninter.com\/it\/wp-json\/wp\/v2\/pages"}],"about":[{"href":"https:\/\/www.eninter.com\/it\/wp-json\/wp\/v2\/types\/page"}],"author":[{"embeddable":true,"href":"https:\/\/www.eninter.com\/it\/wp-json\/wp\/v2\/users\/7"}],"replies":[{"embeddable":true,"href":"https:\/\/www.eninter.com\/it\/wp-json\/wp\/v2\/comments?post=26339"}],"version-history":[{"count":2,"href":"https:\/\/www.eninter.com\/it\/wp-json\/wp\/v2\/pages\/26339\/revisions"}],"predecessor-version":[{"id":35828,"href":"https:\/\/www.eninter.com\/it\/wp-json\/wp\/v2\/pages\/26339\/revisions\/35828"}],"wp:featuredmedia":[{"embeddable":true,"href":"https:\/\/www.eninter.com\/it\/wp-json\/wp\/v2\/media\/27869"}],"wp:attachment":[{"href":"https:\/\/www.eninter.com\/it\/wp-json\/wp\/v2\/media?parent=26339"}],"wp:term":[{"taxonomy":"category","embeddable":true,"href":"https:\/\/www.eninter.com\/it\/wp-json\/wp\/v2\/categories?post=26339"}],"curies":[{"name":"wp","href":"https:\/\/api.w.org\/{rel}","templated":true}]}}