{"id":8470,"date":"2023-08-24T10:48:50","date_gmt":"2023-08-24T09:48:50","guid":{"rendered":"https:\/\/www.eninter.com\/aviso-legal\/"},"modified":"2025-01-08T09:36:58","modified_gmt":"2025-01-08T09:36:58","slug":"aviso-legal","status":"publish","type":"page","link":"https:\/\/www.eninter.com\/pt-pt\/aviso-legal\/","title":{"rendered":"Aviso legal"},"content":{"rendered":"<h2>Aviso legal<\/h2>\n<p>Para dar cumprimento ao artigo 10 da Lei 34\/2002 sobre Servi\u00e7os da Sociedade da Informa\u00e7\u00e3o e Com\u00e9rcio Eletr\u00f3nico, informamos os utilizadores dos nossos dados:<br \/>Nome da empresa: ASCENSORES ENINTER, S.L.<br \/>Sede social: Ctra. de l&#8217;Hospitalet, 52, 08940, Cornell\u00e0 de Llobregat (Barcelona)<br \/>C.I.F.: B08875205<br \/>Endere\u00e7o de correio eletr\u00f3nico: protecciondatos@eninter.com<br \/>Telefone: 933 77 94 51<br \/>S\u00edtio Web: www.eninter.com<br \/>Registo Comercial de Barcelona: Volume 793, F\u00f3lio 199, P\u00e1gina CS9915<\/p>\n<p><b>1. OBJECTIVO<\/b><\/p>\n<p>O objetivo deste Aviso Legal \u00e9 informar todos os utilizadores sobre a configura\u00e7\u00e3o e Condi\u00e7\u00f5es de Utiliza\u00e7\u00e3o do Website (www.eninter.com) da ASCENSORES ENINTER, S.L. Desta forma, a ASCENSORES ENINTER, S.L. cumpre as obriga\u00e7\u00f5es estabelecidas na Lei 34\/2002, de Servi\u00e7os da Sociedade da Informa\u00e7\u00e3o e Com\u00e9rcio Eletr\u00f3nico (LSSICE).<\/p>\n<p>O presente Aviso Legal est\u00e1 sujeito a revis\u00e3o cont\u00ednua por parte da ASCENSORES ENINTER, S.L., sendo modificado sempre que necess\u00e1rio para o adaptar \u00e0 legisla\u00e7\u00e3o vigente em cada momento ou a qualquer varia\u00e7\u00e3o no nosso Website. Por conseguinte, recomendamos que reveja periodicamente este documento para se manter informado sobre quaisquer novos desenvolvimentos relacionados com a configura\u00e7\u00e3o e utiliza\u00e7\u00e3o do s\u00edtio Web.<\/p>\n<p><b>2. ACEITA\u00c7\u00c3O DO UTILIZADOR<\/b><\/p>\n<p>Ao aceder e utilizar o s\u00edtio Web, o utilizador torna-se um &#8220;utilizador&#8221;. A partir desse acesso e\/ou utiliza\u00e7\u00e3o, considera-se que o utilizador aceita de forma absoluta e sem reservas as regras e condi\u00e7\u00f5es de utiliza\u00e7\u00e3o estabelecidas no presente Aviso Legal. Se o utilizador optar por n\u00e3o aceitar alguma destas regras ou condi\u00e7\u00f5es, ou manifestar quaisquer reservas, deve abster-se de aceder e\/ou utilizar o nosso Web site.<\/p>\n<p><b>3. CONDI\u00c7\u00d5ES DE ACESSO E UTILIZA\u00c7\u00c3O DO S\u00cdTIO WEB<\/b><\/p>\n<p>3.1. Acesso gratuito ao s\u00edtio Web<\/p>\n<p>O acesso e a utiliza\u00e7\u00e3o do s\u00edtio Web da ASCENSORES ENINTER, S.L. s\u00e3o gratuitos para todos os utilizadores. No caso de uma \u00e1rea do s\u00edtio Web estar sujeita a pagamento, o utilizador ser\u00e1 devidamente informado.<\/p>\n<p>3.2. Obriga\u00e7\u00e3o de utilizar corretamente o s\u00edtio Web<\/p>\n<p>O utilizador compromete-se a utilizar o s\u00edtio Web em conformidade com as disposi\u00e7\u00f5es do presente Aviso Legal, devendo abster-se das seguintes ac\u00e7\u00f5es:<br \/>&#8211; Realizar actividades contr\u00e1rias \u00e0 lei vigente, \u00e0 moral, aos bons costumes ou \u00e0 ordem p\u00fablica estabelecida, ou com fins il\u00edcitos, proibidos ou lesivos dos direitos e interesses da ASCENSORES ENINTER, S.L. ou de terceiros (em particular, direitos de propriedade intelectual, industrial ou similares).<br \/>&#8211; utilizar o Site ou parte dele noutros sites privados ou comerciais, bem como estabelecer hiperliga\u00e7\u00f5es ou hiperlinks para o Site ou para qualquer um dos seus conte\u00fados (salvo autoriza\u00e7\u00e3o expressa e por escrito da ASCENSORES ENINTER, S.L.).<br \/>&#8211; falsificar a identidade do utilizador ou fazer-se passar por um terceiro, bem como fornecer dados falsos no preenchimento de formul\u00e1rios e outros documentos de natureza semelhante. O utilizador ser\u00e1 respons\u00e1vel por manter permanentemente actualizada toda a informa\u00e7\u00e3o facultada \u00e0 ASCENSORES ENINTER, S.L., sendo tamb\u00e9m o \u00fanico respons\u00e1vel pelas declara\u00e7\u00f5es falsas ou inexactas que realize e pelos preju\u00edzos que, em consequ\u00eancia, possa causar \u00e0 ASCENSORES ENINTER, S.L. ou a terceiros.<br \/>&#8211; utilizar c\u00f3digos maliciosos ou programas inform\u00e1ticos que possam interromper, impedir, inutilizar ou danificar diretamente o Site, os seus conte\u00fados ou servi\u00e7os e os equipamentos, sistemas e redes que os suportam.<br \/>Os conte\u00fados e servi\u00e7os oferecidos atrav\u00e9s do s\u00edtio Web destinam-se a ser utilizados por pessoas maiores de idade.<br \/>A ASCENSORES ENINTER, S.L. reserva-se o direito de negar a qualquer utilizador, a seu crit\u00e9rio, o acesso ao Site, aos seus conte\u00fados e servi\u00e7os, se houver ind\u00edcios de que foram ou ser\u00e3o utilizados em viola\u00e7\u00e3o do disposto no presente Aviso Legal. A ASCENSORES ENINTER, S.L. conservar\u00e1 todos os demais direitos adicionais que possam corresponder ao utilizador, especialmente os relativos \u00e0 instaura\u00e7\u00e3o de processos judiciais penais ou civis.<\/p>\n<p><b>4. RESPONSABILIDADES<\/b><\/p>\n<p>O utilizador utiliza o s\u00edtio Web por sua pr\u00f3pria conta e risco. Ao aceder ao mesmo, o utilizador compromete-se a utilizar o Site em conformidade com a Lei e com o disposto no presente Aviso Legal, sendo respons\u00e1vel perante a ASCENSORES ENINTER, S.L. e perante terceiros por qualquer dano ou preju\u00edzo que possa ser causado como consequ\u00eancia do incumprimento desta obriga\u00e7\u00e3o.<\/p>\n<p>A ASCENSORES ENINTER, S.L. proporciona aos seus utilizadores o acesso a este s\u00edtio Web, aos seus conte\u00fados e servi\u00e7os com um n\u00edvel razo\u00e1vel de compet\u00eancia e dilig\u00eancia. Neste sentido, este Website foi revisto e testado para garantir que funciona corretamente 365 dias por ano, 24 horas por dia. Al\u00e9m disso, o s\u00edtio Web utiliza cookies para realizar determinadas fun\u00e7\u00f5es que s\u00e3o consideradas essenciais para o seu correto funcionamento e visualiza\u00e7\u00e3o. Para mais informa\u00e7\u00f5es sobre os cookies geridos pela ASCENSORES ENINTER, S.L., o utilizador pode aceder \u00e0 <a href=\"https:\/\/www.eninter.com\/pt-pt\/politica-de-cookies\/\">Pol\u00edtica de Cookies<\/a>.<\/p>\n<p>No entanto, a ASCENSORES ENINTER, S.L. n\u00e3o pode oferecer garantias nem ser responsabilizada pelos danos e preju\u00edzos de qualquer natureza que possam derivar:<br \/>&#8211; a falta de disponibilidade ou funcionamento efetivo do Site, dos seus servi\u00e7os e conte\u00fados devido a causas alheias ao controlo da ASCENSORES ENINTER, S.L.<br \/>&#8211; ac\u00e7\u00f5es necess\u00e1rias para efetuar melhorias, manuten\u00e7\u00e3o ou opera\u00e7\u00f5es semelhantes no s\u00edtio Web.<br \/>&#8211; falhas ou desconex\u00f5es nas redes de telecomunica\u00e7\u00f5es que interrompam o servi\u00e7o, bem como outras circunst\u00e2ncias decorrentes de casos fortuitos ou de for\u00e7a maior.<br \/>&#8211; conte\u00fados publicit\u00e1rios ou ofertas que possam estar alojados no S\u00edtio Web, sendo os anunciantes ou oferentes os \u00fanicos respons\u00e1veis por garantir que o material submetido para inclus\u00e3o no S\u00edtio Web est\u00e1 em conformidade com os regulamentos legais aplic\u00e1veis. A ASCENSORES ENINTER, S.L. n\u00e3o ser\u00e1 respons\u00e1vel por qualquer erro, inexatid\u00e3o ou irregularidade que tais conte\u00fados possam apresentar. &#8211; informa\u00e7\u00f5es publicadas no s\u00edtio Web, desde que essas informa\u00e7\u00f5es tenham sido manipuladas ou introduzidas por um terceiro externo.<br \/>&#8211; erros de seguran\u00e7a que podem ser causados no sistema inform\u00e1tico do utilizador (hardware e software) em consequ\u00eancia da presen\u00e7a de v\u00edrus no dispositivo do utilizador utilizado para se ligar ao S\u00edtio Web.<br \/>&#8211; utiliza\u00e7\u00e3o do s\u00edtio Web, dos seus servi\u00e7os e conte\u00fados que seja ilegal, negligente, fraudulenta ou contr\u00e1ria ao presente Aviso Legal.<br \/>&#8211; a n\u00e3o conformidade ou falta de legalidade, qualidade, fiabilidade, utilidade e disponibilidade dos produtos ou servi\u00e7os fornecidos por terceiros e colocados \u00e0 disposi\u00e7\u00e3o dos utilizadores atrav\u00e9s do S\u00edtio Web.<br \/>&#8211; informa\u00e7\u00f5es e conte\u00fados armazenados, incluindo, entre outros, em f\u00f3runs, chats, blogues, redes sociais ou qualquer outra plataforma que permita aos utilizadores e a terceiros publicar conte\u00fados no S\u00edtio Web. No entanto, por for\u00e7a do artigo. 11 e 16 da LSSICE, a ASCENSORES ENINTER, S.L. coloca-se \u00e0 disposi\u00e7\u00e3o dos organismos competentes, colaborando ativamente com os mesmos na elimina\u00e7\u00e3o e, se for caso disso, no bloqueio de qualquer conte\u00fado que contrarie os princ\u00edpios contidos no art. 8 da referida Lei. No caso de o utilizador considerar que pode existir algum conte\u00fado suscet\u00edvel de infringir o referido preceito legal, solicita-se que notifique imediatamente a ASCENSORES ENINTER, S.L. (protecciondatos@eninter.com).<\/p>\n<p>O s\u00edtio Web pode conter liga\u00e7\u00f5es para outros s\u00edtios Web e incorporar informa\u00e7\u00f5es ou servi\u00e7os de terceiros, a fim de facilitar o acesso do utilizador a informa\u00e7\u00f5es de empresas colaboradoras. A ASCENSORES ENINTER, S.L. n\u00e3o tem qualquer controlo sobre os mesmos e n\u00e3o \u00e9 respons\u00e1vel pelo seu conte\u00fado ou funcionamento. A ASCENSORES ENINTER, S.L. apenas oferece ao utilizador estas liga\u00e7\u00f5es e informa\u00e7\u00f5es ou servi\u00e7os para sua conveni\u00eancia, sendo da responsabilidade do utilizador ler e aceitar as Condi\u00e7\u00f5es de Utiliza\u00e7\u00e3o e a Pol\u00edtica de Privacidade publicadas nas p\u00e1ginas web ou aplica\u00e7\u00f5es ligadas.<\/p>\n<p><b>5. PROTEC\u00c7\u00c3O DOS DADOS PESSOAIS<\/b><\/p>\n<p>A ASCENSORES ENINTER, S.L., na sua qualidade de propriet\u00e1ria e respons\u00e1vel por este Website, informa todos os utilizadores que forneceram ou pretendem fornecer os seus dados pessoais, que estes ser\u00e3o tratados pela ASCENSORES ENINTER, S.L. de acordo com os regulamentos legais de refer\u00eancia sobre prote\u00e7\u00e3o de dados, ou seja, o Regulamento (UE) 2016\/679 do Parlamento Europeu e do Conselho de 27 de abril de 2016 e a Lei Org\u00e2nica 3\/2018 de 5 de dezembro.<\/p>\n<p>Para o efeito, os dados pessoais dos utilizadores ser\u00e3o tratados de acordo com os princ\u00edpios da legalidade, lealdade, transpar\u00eancia, limita\u00e7\u00e3o das finalidades, minimiza\u00e7\u00e3o dos dados, exatid\u00e3o, integridade e confidencialidade, respeitando as demais obriga\u00e7\u00f5es e garantias estabelecidas nos referidos normativos legais.<\/p>\n<p>Para mais informa\u00e7\u00f5es sobre a forma como tratamos os dados pessoais dos utilizadores, consulte a nossa <a href=\"https:\/\/www.eninter.com\/pt-pt\/politica-de-privacidade\/\">Pol\u00edtica de Privacidade<\/a>.<\/p>\n<p><b>6. PROPRIEDADE INDUSTRIAL E INTELECTUAL<\/b><\/p>\n<p>Todo o conte\u00fado do Site (textos, fotografias, gr\u00e1ficos, imagens, tecnologia, software, links, conte\u00fados audiovisuais, design gr\u00e1fico, c\u00f3digo fonte, etc.), assim como as marcas e outros sinais distintivos, s\u00e3o propriedade da ASCENSORES ENINTER, S.L. ou de terceiros com os quais colabora, sendo estes os titulares dos correspondentes direitos de propriedade intelectual e industrial, n\u00e3o adquirindo o utilizador qualquer direito sobre os mesmos pelo simples acesso e utiliza\u00e7\u00e3o do Site.<\/p>\n<p>\u00c9 proibida a utiliza\u00e7\u00e3o, reprodu\u00e7\u00e3o, distribui\u00e7\u00e3o, comunica\u00e7\u00e3o p\u00fablica e transforma\u00e7\u00e3o dos conte\u00fados do site de qualquer forma por parte do utilizador, exceto nos casos legalmente previstos ou expressamente autorizados pela ASCENSORES ENINTER, S.L. Neste sentido, fica exceptuada a explora\u00e7\u00e3o dos conte\u00fados que seja expressamente autorizada pela ASCENSORES ENINTER, S.L. aos seus clientes ou fornecedores em virtude do contrato correspondente, bem como a utiliza\u00e7\u00e3o pessoal e privada dos conte\u00fados de acesso livre e gratuito existentes no site.<\/p>\n<p>Qualquer utiliza\u00e7\u00e3o dos conte\u00fados do Site que n\u00e3o cumpra a obriga\u00e7\u00e3o anteriormente mencionada ser\u00e1 considerada uma infra\u00e7\u00e3o grave dos direitos de propriedade intelectual ou industrial da ASCENSORES ENINTER, S.L. ou de terceiros, e poder\u00e1 ser denunciada e perseguida por todos os meios legais.<\/p>\n<p>Para realizar qualquer tipo de observa\u00e7\u00e3o sobre poss\u00edveis infrac\u00e7\u00f5es aos direitos de propriedade intelectual ou industrial da ASCENSORES ENINTER, S.L. ou dos seus leg\u00edtimos titulares, pode faz\u00ea-lo enviando um e-mail para protecciondatos@eninter.com.<\/p>\n<p><b>7. LEGISLA\u00c7\u00c3O APLIC\u00c1VEL E JURISDI\u00c7\u00c3O<\/b><\/p>\n<p>O presente Aviso Legal rege-se pela legisla\u00e7\u00e3o espanhola, sendo os tribunais espanh\u00f3is competentes para conhecer das quest\u00f5es que possam surgir relativamente \u00e0 sua interpreta\u00e7\u00e3o, aplica\u00e7\u00e3o e cumprimento. O utilizador, em virtude da aceita\u00e7\u00e3o das disposi\u00e7\u00f5es contidas no presente Aviso Legal, renuncia expressamente a qualquer outra jurisdi\u00e7\u00e3o a que possa ter direito por aplica\u00e7\u00e3o da lei em vigor.<\/p>\n<p>No entanto, se o utilizador for um consumidor, as disposi\u00e7\u00f5es do Aviso Legal tamb\u00e9m estar\u00e3o sujeitas \u00e0 legisla\u00e7\u00e3o local aplic\u00e1vel correspondente e, consequentemente, qualquer lit\u00edgio ser\u00e1 submetido aos tribunais competentes do domic\u00edlio do utilizador.<\/p>\n","protected":false},"excerpt":{"rendered":"<p>Aviso legal Para dar cumprimento ao artigo 10 da Lei 34\/2002 sobre Servi\u00e7os da Sociedade da Informa\u00e7\u00e3o e Com\u00e9rcio Eletr\u00f3nico, informamos os utilizadores dos nossos dados:Nome da empresa: ASCENSORES ENINTER, S.L.Sede social: Ctra. de l&#8217;Hospitalet, 52, 08940, Cornell\u00e0 de Llobregat (Barcelona)C.I.F.: B08875205Endere\u00e7o de correio eletr\u00f3nico: protecciondatos@eninter.comTelefone: 933 77 94 51S\u00edtio Web: www.eninter.comRegisto Comercial de Barcelona: [&hellip;]<\/p>\n","protected":false},"author":3,"featured_media":0,"parent":0,"menu_order":0,"comment_status":"closed","ping_status":"closed","template":"","meta":{"_acf_changed":false,"content-type":"","footnotes":""},"categories":[],"class_list":["post-8470","page","type-page","status-publish","hentry"],"acf":[],"_yoast_wpseo_focuskw":null,"_yoast_wpseo_metadesc":null,"yoast_head":"<!-- This site is optimized with the Yoast SEO Premium plugin v21.6 (Yoast SEO v27.2) - https:\/\/yoast.com\/product\/yoast-seo-premium-wordpress\/ -->\n<title>Aviso legal - ENINTER<\/title>\n<meta name=\"robots\" content=\"noindex, nofollow\" \/>\n<meta property=\"og:locale\" content=\"pt_PT\" \/>\n<meta property=\"og:type\" content=\"article\" \/>\n<meta property=\"og:title\" content=\"Aviso legal\" \/>\n<meta property=\"og:description\" content=\"Aviso legal Para dar cumprimento ao artigo 10 da Lei 34\/2002 sobre Servi\u00e7os da Sociedade da Informa\u00e7\u00e3o e Com\u00e9rcio Eletr\u00f3nico, informamos os utilizadores dos nossos dados:Nome da empresa: ASCENSORES ENINTER, S.L.Sede social: Ctra. de l&#8217;Hospitalet, 52, 08940, Cornell\u00e0 de Llobregat (Barcelona)C.I.F.: B08875205Endere\u00e7o de correio eletr\u00f3nico: protecciondatos@eninter.comTelefone: 933 77 94 51S\u00edtio Web: www.eninter.comRegisto Comercial de Barcelona: [&hellip;]\" \/>\n<meta property=\"og:url\" content=\"https:\/\/www.eninter.com\/pt-pt\/aviso-legal\/\" \/>\n<meta property=\"og:site_name\" content=\"ENINTER\" \/>\n<meta property=\"article:publisher\" content=\"https:\/\/www.facebook.com\/EninterAscensores\" \/>\n<meta property=\"article:modified_time\" content=\"2025-01-08T09:36:58+00:00\" \/>\n<meta name=\"twitter:card\" content=\"summary_large_image\" \/>\n<meta name=\"twitter:site\" content=\"@Eninter\" \/>\n<meta name=\"twitter:label1\" content=\"Tempo estimado de leitura\" \/>\n\t<meta name=\"twitter:data1\" content=\"9 minutos\" \/>\n<!-- \/ Yoast SEO Premium plugin. -->","yoast_head_json":{"title":"Aviso legal - ENINTER","robots":{"index":"noindex","follow":"nofollow"},"og_locale":"pt_PT","og_type":"article","og_title":"Aviso legal","og_description":"Aviso legal Para dar cumprimento ao artigo 10 da Lei 34\/2002 sobre Servi\u00e7os da Sociedade da Informa\u00e7\u00e3o e Com\u00e9rcio Eletr\u00f3nico, informamos os utilizadores dos nossos dados:Nome da empresa: ASCENSORES ENINTER, S.L.Sede social: Ctra. de l&#8217;Hospitalet, 52, 08940, Cornell\u00e0 de Llobregat (Barcelona)C.I.F.: B08875205Endere\u00e7o de correio eletr\u00f3nico: protecciondatos@eninter.comTelefone: 933 77 94 51S\u00edtio Web: www.eninter.comRegisto Comercial de Barcelona: [&hellip;]","og_url":"https:\/\/www.eninter.com\/pt-pt\/aviso-legal\/","og_site_name":"ENINTER","article_publisher":"https:\/\/www.facebook.com\/EninterAscensores","article_modified_time":"2025-01-08T09:36:58+00:00","twitter_card":"summary_large_image","twitter_site":"@Eninter","twitter_misc":{"Tempo estimado de leitura":"9 minutos"},"schema":{"@context":"https:\/\/schema.org","@graph":[{"@type":"WebPage","@id":"https:\/\/www.eninter.com\/pt-pt\/aviso-legal\/","url":"https:\/\/www.eninter.com\/pt-pt\/aviso-legal\/","name":"Aviso legal - ENINTER","isPartOf":{"@id":"https:\/\/www.eninter.com\/pt-pt\/#website"},"datePublished":"2023-08-24T09:48:50+00:00","dateModified":"2025-01-08T09:36:58+00:00","breadcrumb":{"@id":"https:\/\/www.eninter.com\/pt-pt\/aviso-legal\/#breadcrumb"},"inLanguage":"pt-PT","potentialAction":[{"@type":"ReadAction","target":["https:\/\/www.eninter.com\/pt-pt\/aviso-legal\/"]}]},{"@type":"BreadcrumbList","@id":"https:\/\/www.eninter.com\/pt-pt\/aviso-legal\/#breadcrumb","itemListElement":[{"@type":"ListItem","position":1,"name":"Portada","item":"https:\/\/www.eninter.com\/pt-pt\/"},{"@type":"ListItem","position":2,"name":"Aviso legal"}]},{"@type":"WebSite","@id":"https:\/\/www.eninter.com\/pt-pt\/#website","url":"https:\/\/www.eninter.com\/pt-pt\/","name":"ENINTER","description":"Mantenimiento de Ascensores Multimarca","publisher":{"@id":"https:\/\/www.eninter.com\/pt-pt\/#organization"},"potentialAction":[{"@type":"SearchAction","target":{"@type":"EntryPoint","urlTemplate":"https:\/\/www.eninter.com\/pt-pt\/?s={search_term_string}"},"query-input":{"@type":"PropertyValueSpecification","valueRequired":true,"valueName":"search_term_string"}}],"inLanguage":"pt-PT"},{"@type":"Organization","@id":"https:\/\/www.eninter.com\/pt-pt\/#organization","name":"Eniter","url":"https:\/\/www.eninter.com\/pt-pt\/","logo":{"@type":"ImageObject","inLanguage":"pt-PT","@id":"https:\/\/www.eninter.com\/pt-pt\/#\/schema\/logo\/image\/","url":"https:\/\/www.eninter.com\/wp-content\/uploads\/2023\/08\/logo-eninter-png.png","contentUrl":"https:\/\/www.eninter.com\/wp-content\/uploads\/2023\/08\/logo-eninter-png.png","width":600,"height":340,"caption":"Eniter"},"image":{"@id":"https:\/\/www.eninter.com\/pt-pt\/#\/schema\/logo\/image\/"},"sameAs":["https:\/\/www.facebook.com\/EninterAscensores","https:\/\/x.com\/Eninter","https:\/\/www.instagram.com\/eninterascensores\/","https:\/\/www.youtube.com\/user\/ascensoreseninter"]}]}},"_links":{"self":[{"href":"https:\/\/www.eninter.com\/pt-pt\/wp-json\/wp\/v2\/pages\/8470","targetHints":{"allow":["GET"]}}],"collection":[{"href":"https:\/\/www.eninter.com\/pt-pt\/wp-json\/wp\/v2\/pages"}],"about":[{"href":"https:\/\/www.eninter.com\/pt-pt\/wp-json\/wp\/v2\/types\/page"}],"author":[{"embeddable":true,"href":"https:\/\/www.eninter.com\/pt-pt\/wp-json\/wp\/v2\/users\/3"}],"replies":[{"embeddable":true,"href":"https:\/\/www.eninter.com\/pt-pt\/wp-json\/wp\/v2\/comments?post=8470"}],"version-history":[{"count":0,"href":"https:\/\/www.eninter.com\/pt-pt\/wp-json\/wp\/v2\/pages\/8470\/revisions"}],"wp:attachment":[{"href":"https:\/\/www.eninter.com\/pt-pt\/wp-json\/wp\/v2\/media?parent=8470"}],"wp:term":[{"taxonomy":"category","embeddable":true,"href":"https:\/\/www.eninter.com\/pt-pt\/wp-json\/wp\/v2\/categories?post=8470"}],"curies":[{"name":"wp","href":"https:\/\/api.w.org\/{rel}","templated":true}]}}