{"id":8486,"date":"2023-09-13T14:48:13","date_gmt":"2023-09-13T14:48:13","guid":{"rendered":"https:\/\/www.eninter.com\/obrigado-pelo-vosso-portal\/"},"modified":"2023-09-19T09:28:46","modified_gmt":"2023-09-19T09:28:46","slug":"obrigado-pelo-vosso-portal","status":"publish","type":"page","link":"https:\/\/www.eninter.com\/pt-pt\/obrigado-pelo-vosso-portal\/","title":{"rendered":"Obrigado pelo vosso portal"},"content":{"rendered":"\t\t<div data-elementor-type=\"wp-page\" data-elementor-id=\"8486\" class=\"elementor elementor-8486 elementor-7464\" data-elementor-post-type=\"page\">\n\t\t\t\t\t\t<section class=\"elementor-section elementor-top-section elementor-element elementor-element-1c23d08 elementor-section-boxed elementor-section-height-default elementor-section-height-default\" data-id=\"1c23d08\" data-element_type=\"section\" data-e-type=\"section\">\n\t\t\t\t\t\t<div class=\"elementor-container elementor-column-gap-default\">\n\t\t\t\t\t<div class=\"elementor-column elementor-col-100 elementor-top-column elementor-element elementor-element-79eaa23d\" data-id=\"79eaa23d\" data-element_type=\"column\" data-e-type=\"column\">\n\t\t\t<div class=\"elementor-widget-wrap elementor-element-populated\">\n\t\t\t\t\t\t<div class=\"elementor-element elementor-element-5795d5ac elementor-alert-success elementor-widget elementor-widget-alert\" data-id=\"5795d5ac\" data-element_type=\"widget\" data-e-type=\"widget\" data-widget_type=\"alert.default\">\n\t\t\t\t\t\t\t<div class=\"elementor-alert\" role=\"alert\">\n\n\t\t\t\t\t\t<span class=\"elementor-alert-title\">PARAB\u00c9NS!<\/span>\n\t\t\t\n\t\t\t\t\t\t<span class=\"elementor-alert-description\"><p>O formul\u00e1rio foi enviado corretamente.<br \/>\nReceber\u00e1 um e-mail de valida\u00e7\u00e3o assim que a sua conta for criada. Tenha em aten\u00e7\u00e3o que a cria\u00e7\u00e3o da sua conta no portal Eninter pode demorar at\u00e9 48 horas.<\/p>\n<\/span>\n\t\t\t\n\t\t\t\t\t\t<button type=\"button\" class=\"elementor-alert-dismiss\" aria-label=\"Dismiss this alert.\">\n\t\t\t\t\t\t\t\t\t<span aria-hidden=\"true\">&times;<\/span>\n\t\t\t\t\t\t\t<\/button>\n\t\t\t\n\t\t<\/div>\n\t\t\t\t\t\t<\/div>\n\t\t\t\t<div class=\"elementor-element elementor-element-53c0eec6 elementor-widget elementor-widget-heading\" data-id=\"53c0eec6\" data-element_type=\"widget\" data-e-type=\"widget\" data-widget_type=\"heading.default\">\n\t\t\t\t\t<h3 class=\"elementor-heading-title elementor-size-default\">Entretanto, convidamo-lo a descobrir mais sobre n\u00f3s atrav\u00e9s do nosso blogue.<\/h3>\t\t\t\t<\/div>\n\t\t\t\t<div class=\"elementor-element elementor-element-48997a54 elementor-grid-3 elementor-grid-tablet-2 elementor-grid-mobile-1 elementor-posts--thumbnail-top elementor-card-shadow-yes elementor-posts__hover-gradient elementor-widget elementor-widget-posts\" data-id=\"48997a54\" data-element_type=\"widget\" data-e-type=\"widget\" data-settings=\"{&quot;cards_columns&quot;:&quot;3&quot;,&quot;cards_columns_tablet&quot;:&quot;2&quot;,&quot;cards_columns_mobile&quot;:&quot;1&quot;,&quot;cards_row_gap&quot;:{&quot;unit&quot;:&quot;px&quot;,&quot;size&quot;:35,&quot;sizes&quot;:[]},&quot;cards_row_gap_tablet&quot;:{&quot;unit&quot;:&quot;px&quot;,&quot;size&quot;:&quot;&quot;,&quot;sizes&quot;:[]},&quot;cards_row_gap_mobile&quot;:{&quot;unit&quot;:&quot;px&quot;,&quot;size&quot;:&quot;&quot;,&quot;sizes&quot;:[]}}\" data-widget_type=\"posts.cards\">\n\t\t\t\t<div class=\"elementor-widget-container\">\n\t\t\t\t\t\t\t<div class=\"elementor-posts-container elementor-posts elementor-posts--skin-cards elementor-grid\" role=\"list\">\n\t\t\t\t<article class=\"elementor-post elementor-grid-item post-11263 post type-post status-publish format-standard has-post-thumbnail hentry category-elevadores category-sem-categoria tag-montse-sanchez-pt-pt\" role=\"listitem\">\n\t\t\t<div class=\"elementor-post__card\">\n\t\t\t\t<a class=\"elementor-post__thumbnail__link\" href=\"https:\/\/www.eninter.com\/pt-pt\/preso-num-elevador-da-emergencia-a-calma-em-menos-de-2-horas-com-a-eninter\/\" tabindex=\"-1\" ><div class=\"elementor-post__thumbnail\"><img fetchpriority=\"high\" decoding=\"async\" width=\"768\" height=\"768\" src=\"https:\/\/www.eninter.com\/wp-content\/uploads\/2025\/10\/URGENCIA_PRT-768x768.webp\" class=\"attachment-medium_large size-medium_large wp-image-11482\" alt=\"\" srcset=\"https:\/\/www.eninter.com\/wp-content\/uploads\/2025\/10\/URGENCIA_PRT-768x768.webp 768w, https:\/\/www.eninter.com\/wp-content\/uploads\/2025\/10\/URGENCIA_PRT-300x300.webp 300w, https:\/\/www.eninter.com\/wp-content\/uploads\/2025\/10\/URGENCIA_PRT-1024x1024.webp 1024w, https:\/\/www.eninter.com\/wp-content\/uploads\/2025\/10\/URGENCIA_PRT-150x150.webp 150w, https:\/\/www.eninter.com\/wp-content\/uploads\/2025\/10\/URGENCIA_PRT-1536x1536.webp 1536w, https:\/\/www.eninter.com\/wp-content\/uploads\/2025\/10\/URGENCIA_PRT-2048x2048.webp 2048w\" sizes=\"(max-width: 768px) 100vw, 768px\" \/><\/div><\/a>\n\t\t\t\t<div class=\"elementor-post__text\">\n\t\t\t\t<h3 class=\"elementor-post__title\">\n\t\t\t<a href=\"https:\/\/www.eninter.com\/pt-pt\/preso-num-elevador-da-emergencia-a-calma-em-menos-de-2-horas-com-a-eninter\/\" >\n\t\t\t\tPreso num elevador: da emerg\u00eancia \u00e0 calma em menos de 30 minutos com a Eninter\t\t\t<\/a>\n\t\t<\/h3>\n\t\t\t\t<\/div>\n\t\t\t\t\t<\/div>\n\t\t<\/article>\n\t\t\t\t<article class=\"elementor-post elementor-grid-item post-10922 post type-post status-publish format-standard has-post-thumbnail hentry category-mantenimiento-espana tag-jordi-salvatella-pt-pt\" role=\"listitem\">\n\t\t\t<div class=\"elementor-post__card\">\n\t\t\t\t<a class=\"elementor-post__thumbnail__link\" href=\"https:\/\/www.eninter.com\/pt-pt\/descubra-o-preco-real-da-manutencao-dos-elevadores\/\" tabindex=\"-1\" ><div class=\"elementor-post__thumbnail\"><img decoding=\"async\" width=\"300\" height=\"300\" src=\"https:\/\/www.eninter.com\/wp-content\/uploads\/2023\/10\/precio-real-del-mantenimiento-de-ascensores-1.jpg\" class=\"attachment-medium_large size-medium_large wp-image-9792\" alt=\"precio real del mantenimiento de ascensores\" srcset=\"https:\/\/www.eninter.com\/wp-content\/uploads\/2023\/10\/precio-real-del-mantenimiento-de-ascensores-1.jpg 300w, https:\/\/www.eninter.com\/wp-content\/uploads\/2023\/10\/precio-real-del-mantenimiento-de-ascensores-1-150x150.jpg 150w\" sizes=\"(max-width: 300px) 100vw, 300px\" \/><\/div><\/a>\n\t\t\t\t<div class=\"elementor-post__text\">\n\t\t\t\t<h3 class=\"elementor-post__title\">\n\t\t\t<a href=\"https:\/\/www.eninter.com\/pt-pt\/descubra-o-preco-real-da-manutencao-dos-elevadores\/\" >\n\t\t\t\tDescubra o pre\u00e7o real da manuten\u00e7\u00e3o dos elevadores\t\t\t<\/a>\n\t\t<\/h3>\n\t\t\t\t<\/div>\n\t\t\t\t\t<\/div>\n\t\t<\/article>\n\t\t\t\t<article class=\"elementor-post elementor-grid-item post-8373 post type-post status-publish format-standard has-post-thumbnail hentry category-elevadores category-sobre-o-eninter\" role=\"listitem\">\n\t\t\t<div class=\"elementor-post__card\">\n\t\t\t\t<a class=\"elementor-post__thumbnail__link\" href=\"https:\/\/www.eninter.com\/pt-pt\/zero-e-mais-dalvier-premiado-por-5-anos-sem-acidentes-de-trabalho-pela-companhia-de-seguros-mutua-mc\/\" tabindex=\"-1\" ><div class=\"elementor-post__thumbnail\"><img decoding=\"async\" width=\"768\" height=\"432\" src=\"https:\/\/www.eninter.com\/wp-content\/uploads\/2023\/06\/Dalvier-sin-accidentes-laborales-768x432.jpeg\" class=\"attachment-medium_large size-medium_large wp-image-7610\" alt=\"\" srcset=\"https:\/\/www.eninter.com\/wp-content\/uploads\/2023\/06\/Dalvier-sin-accidentes-laborales-768x432.jpeg 768w, https:\/\/www.eninter.com\/wp-content\/uploads\/2023\/06\/Dalvier-sin-accidentes-laborales-300x169.jpeg 300w, https:\/\/www.eninter.com\/wp-content\/uploads\/2023\/06\/Dalvier-sin-accidentes-laborales-1024x576.jpeg 1024w, https:\/\/www.eninter.com\/wp-content\/uploads\/2023\/06\/Dalvier-sin-accidentes-laborales.jpeg 1200w\" sizes=\"(max-width: 768px) 100vw, 768px\" \/><\/div><\/a>\n\t\t\t\t<div class=\"elementor-post__text\">\n\t\t\t\t<h3 class=\"elementor-post__title\">\n\t\t\t<a href=\"https:\/\/www.eninter.com\/pt-pt\/zero-e-mais-dalvier-premiado-por-5-anos-sem-acidentes-de-trabalho-pela-companhia-de-seguros-mutua-mc\/\" >\n\t\t\t\tZero \u00e9 mais! Dalvier premiado por 5 anos sem acidentes de trabalho pela Companhia de Seguros M\u00fatua (MC)\t\t\t<\/a>\n\t\t<\/h3>\n\t\t\t\t<\/div>\n\t\t\t\t\t<\/div>\n\t\t<\/article>\n\t\t\t\t<article class=\"elementor-post elementor-grid-item post-8400 post type-post status-publish format-standard has-post-thumbnail hentry category-elevadores category-sobre-o-eninter\" role=\"listitem\">\n\t\t\t<div class=\"elementor-post__card\">\n\t\t\t\t<a class=\"elementor-post__thumbnail__link\" href=\"https:\/\/www.eninter.com\/pt-pt\/eninter-50-anos-de-sucesso-e-dedicacao-unidos-como-uma-grande-familia\/\" tabindex=\"-1\" ><div class=\"elementor-post__thumbnail\"><img loading=\"lazy\" decoding=\"async\" width=\"768\" height=\"551\" src=\"https:\/\/www.eninter.com\/wp-content\/uploads\/2023\/06\/50-Aniversario-ENINTER-768x551.png\" class=\"attachment-medium_large size-medium_large wp-image-7612\" alt=\"\" srcset=\"https:\/\/www.eninter.com\/wp-content\/uploads\/2023\/06\/50-Aniversario-ENINTER-768x551.png 768w, https:\/\/www.eninter.com\/wp-content\/uploads\/2023\/06\/50-Aniversario-ENINTER-300x215.png 300w, https:\/\/www.eninter.com\/wp-content\/uploads\/2023\/06\/50-Aniversario-ENINTER.png 940w\" sizes=\"(max-width: 768px) 100vw, 768px\" \/><\/div><\/a>\n\t\t\t\t<div class=\"elementor-post__text\">\n\t\t\t\t<h3 class=\"elementor-post__title\">\n\t\t\t<a href=\"https:\/\/www.eninter.com\/pt-pt\/eninter-50-anos-de-sucesso-e-dedicacao-unidos-como-uma-grande-familia\/\" >\n\t\t\t\tENINTER: 50 anos de sucesso e dedica\u00e7\u00e3o, unidos como uma grande fam\u00edlia\t\t\t<\/a>\n\t\t<\/h3>\n\t\t\t\t<\/div>\n\t\t\t\t\t<\/div>\n\t\t<\/article>\n\t\t\t\t<article class=\"elementor-post elementor-grid-item post-8402 post type-post status-publish format-standard has-post-thumbnail hentry category-elevadores\" role=\"listitem\">\n\t\t\t<div class=\"elementor-post__card\">\n\t\t\t\t<a class=\"elementor-post__thumbnail__link\" href=\"https:\/\/www.eninter.com\/pt-pt\/portal-do-cliente-eninter-a-ferramenta-para-os-gestores\/\" tabindex=\"-1\" ><div class=\"elementor-post__thumbnail\"><img loading=\"lazy\" decoding=\"async\" width=\"768\" height=\"432\" src=\"https:\/\/www.eninter.com\/wp-content\/uploads\/2022\/10\/Portal-del-Cliente-768x432.jpeg\" class=\"attachment-medium_large size-medium_large wp-image-7614\" alt=\"\" srcset=\"https:\/\/www.eninter.com\/wp-content\/uploads\/2022\/10\/Portal-del-Cliente-768x432.jpeg 768w, https:\/\/www.eninter.com\/wp-content\/uploads\/2022\/10\/Portal-del-Cliente-300x169.jpeg 300w, https:\/\/www.eninter.com\/wp-content\/uploads\/2022\/10\/Portal-del-Cliente-1024x576.jpeg 1024w, https:\/\/www.eninter.com\/wp-content\/uploads\/2022\/10\/Portal-del-Cliente.jpeg 1200w\" sizes=\"(max-width: 768px) 100vw, 768px\" \/><\/div><\/a>\n\t\t\t\t<div class=\"elementor-post__text\">\n\t\t\t\t<h3 class=\"elementor-post__title\">\n\t\t\t<a href=\"https:\/\/www.eninter.com\/pt-pt\/portal-do-cliente-eninter-a-ferramenta-para-os-gestores\/\" >\n\t\t\t\tENINTER Customer Portal, a ferramenta para administradores\t\t\t<\/a>\n\t\t<\/h3>\n\t\t\t\t<\/div>\n\t\t\t\t\t<\/div>\n\t\t<\/article>\n\t\t\t\t<article class=\"elementor-post elementor-grid-item post-8403 post type-post status-publish format-standard has-post-thumbnail hentry category-acessibilidade\" role=\"listitem\">\n\t\t\t<div class=\"elementor-post__card\">\n\t\t\t\t<a class=\"elementor-post__thumbnail__link\" href=\"https:\/\/www.eninter.com\/pt-pt\/eninterkey-faz-parte-do-futuro-da-acessibilidade\/\" tabindex=\"-1\" ><div class=\"elementor-post__thumbnail\"><img loading=\"lazy\" decoding=\"async\" width=\"768\" height=\"432\" src=\"https:\/\/www.eninter.com\/wp-content\/uploads\/2022\/09\/ENINTERKEY-768x432.jpeg\" class=\"attachment-medium_large size-medium_large wp-image-7616\" alt=\"\" srcset=\"https:\/\/www.eninter.com\/wp-content\/uploads\/2022\/09\/ENINTERKEY-768x432.jpeg 768w, https:\/\/www.eninter.com\/wp-content\/uploads\/2022\/09\/ENINTERKEY-300x169.jpeg 300w, https:\/\/www.eninter.com\/wp-content\/uploads\/2022\/09\/ENINTERKEY-1024x576.jpeg 1024w, https:\/\/www.eninter.com\/wp-content\/uploads\/2022\/09\/ENINTERKEY.jpeg 1200w\" sizes=\"(max-width: 768px) 100vw, 768px\" \/><\/div><\/a>\n\t\t\t\t<div class=\"elementor-post__text\">\n\t\t\t\t<h3 class=\"elementor-post__title\">\n\t\t\t<a href=\"https:\/\/www.eninter.com\/pt-pt\/eninterkey-faz-parte-do-futuro-da-acessibilidade\/\" >\n\t\t\t\tENINTERKEY, faz parte do futuro da acessibilidade?\t\t\t<\/a>\n\t\t<\/h3>\n\t\t\t\t<\/div>\n\t\t\t\t\t<\/div>\n\t\t<\/article>\n\t\t\t\t<\/div>\n\t\t\n\t\t\t\t\t\t<\/div>\n\t\t\t\t<\/div>\n\t\t\t\t<div class=\"elementor-element elementor-element-3cb87fec elementor-align-center elementor-widget elementor-widget-button\" data-id=\"3cb87fec\" data-element_type=\"widget\" data-e-type=\"widget\" data-widget_type=\"button.default\">\n\t\t\t\t\t\t\t\t\t\t<a class=\"elementor-button elementor-button-link elementor-size-xs elementor-animation-shrink\" href=\"https:\/\/www.eninter.com\/pt-pt\/blogue\/\">\n\t\t\t\t\t\t<span class=\"elementor-button-content-wrapper\">\n\t\t\t\t\t\t\t\t\t<span class=\"elementor-button-text\">Ver mais not\u00edcias<\/span>\n\t\t\t\t\t<\/span>\n\t\t\t\t\t<\/a>\n\t\t\t\t\t\t\t\t<\/div>\n\t\t\t\t\t<\/div>\n\t\t<\/div>\n\t\t\t\t\t<\/div>\n\t\t<\/section>\n\t\t\t\t<\/div>\n\t\t","protected":false},"excerpt":{"rendered":"<p>PARAB\u00c9NS! O formul\u00e1rio foi enviado corretamente. Receber\u00e1 um e-mail de valida\u00e7\u00e3o assim que a sua conta for criada. Tenha em aten\u00e7\u00e3o que a cria\u00e7\u00e3o da<\/p>\n","protected":false},"author":3,"featured_media":0,"parent":0,"menu_order":0,"comment_status":"closed","ping_status":"closed","template":"elementor_header_footer","meta":{"_acf_changed":false,"content-type":"","footnotes":""},"categories":[],"class_list":["post-8486","page","type-page","status-publish","hentry"],"acf":[],"_yoast_wpseo_focuskw":null,"_yoast_wpseo_metadesc":null,"yoast_head":"<!-- This site is optimized with the Yoast SEO Premium plugin v21.6 (Yoast SEO v27.2) - https:\/\/yoast.com\/product\/yoast-seo-premium-wordpress\/ -->\n<title>Obrigado pelo vosso portal - ENINTER<\/title>\n<meta name=\"robots\" content=\"index, follow, max-snippet:-1, max-image-preview:large, max-video-preview:-1\" \/>\n<link rel=\"canonical\" href=\"https:\/\/www.eninter.com\/pt-pt\/obrigado-pelo-vosso-portal\/\" \/>\n<meta property=\"og:locale\" content=\"pt_PT\" \/>\n<meta property=\"og:type\" content=\"article\" \/>\n<meta property=\"og:title\" content=\"Obrigado pelo vosso portal\" \/>\n<meta property=\"og:description\" content=\"PARAB\u00c9NS! O formul\u00e1rio foi enviado corretamente. Receber\u00e1 um e-mail de valida\u00e7\u00e3o assim que a sua conta for criada. Tenha em aten\u00e7\u00e3o que a cria\u00e7\u00e3o da\" \/>\n<meta property=\"og:url\" content=\"https:\/\/www.eninter.com\/pt-pt\/obrigado-pelo-vosso-portal\/\" \/>\n<meta property=\"og:site_name\" content=\"ENINTER\" \/>\n<meta property=\"article:publisher\" content=\"https:\/\/www.facebook.com\/EninterAscensores\" \/>\n<meta property=\"article:modified_time\" content=\"2023-09-19T09:28:46+00:00\" \/>\n<meta name=\"twitter:card\" content=\"summary_large_image\" \/>\n<meta name=\"twitter:site\" content=\"@Eninter\" \/>\n<!-- \/ Yoast SEO Premium plugin. -->","yoast_head_json":{"title":"Obrigado pelo vosso portal - ENINTER","robots":{"index":"index","follow":"follow","max-snippet":"max-snippet:-1","max-image-preview":"max-image-preview:large","max-video-preview":"max-video-preview:-1"},"canonical":"https:\/\/www.eninter.com\/pt-pt\/obrigado-pelo-vosso-portal\/","og_locale":"pt_PT","og_type":"article","og_title":"Obrigado pelo vosso portal","og_description":"PARAB\u00c9NS! O formul\u00e1rio foi enviado corretamente. Receber\u00e1 um e-mail de valida\u00e7\u00e3o assim que a sua conta for criada. Tenha em aten\u00e7\u00e3o que a cria\u00e7\u00e3o da","og_url":"https:\/\/www.eninter.com\/pt-pt\/obrigado-pelo-vosso-portal\/","og_site_name":"ENINTER","article_publisher":"https:\/\/www.facebook.com\/EninterAscensores","article_modified_time":"2023-09-19T09:28:46+00:00","twitter_card":"summary_large_image","twitter_site":"@Eninter","schema":{"@context":"https:\/\/schema.org","@graph":[{"@type":"WebPage","@id":"https:\/\/www.eninter.com\/pt-pt\/obrigado-pelo-vosso-portal\/","url":"https:\/\/www.eninter.com\/pt-pt\/obrigado-pelo-vosso-portal\/","name":"Obrigado pelo vosso portal - ENINTER","isPartOf":{"@id":"https:\/\/www.eninter.com\/pt-pt\/#website"},"datePublished":"2023-09-13T14:48:13+00:00","dateModified":"2023-09-19T09:28:46+00:00","breadcrumb":{"@id":"https:\/\/www.eninter.com\/pt-pt\/obrigado-pelo-vosso-portal\/#breadcrumb"},"inLanguage":"pt-PT","potentialAction":[{"@type":"ReadAction","target":["https:\/\/www.eninter.com\/pt-pt\/obrigado-pelo-vosso-portal\/"]}]},{"@type":"BreadcrumbList","@id":"https:\/\/www.eninter.com\/pt-pt\/obrigado-pelo-vosso-portal\/#breadcrumb","itemListElement":[{"@type":"ListItem","position":1,"name":"Portada","item":"https:\/\/www.eninter.com\/pt-pt\/"},{"@type":"ListItem","position":2,"name":"Obrigado pelo vosso portal"}]},{"@type":"WebSite","@id":"https:\/\/www.eninter.com\/pt-pt\/#website","url":"https:\/\/www.eninter.com\/pt-pt\/","name":"ENINTER","description":"Mantenimiento de Ascensores Multimarca","publisher":{"@id":"https:\/\/www.eninter.com\/pt-pt\/#organization"},"potentialAction":[{"@type":"SearchAction","target":{"@type":"EntryPoint","urlTemplate":"https:\/\/www.eninter.com\/pt-pt\/?s={search_term_string}"},"query-input":{"@type":"PropertyValueSpecification","valueRequired":true,"valueName":"search_term_string"}}],"inLanguage":"pt-PT"},{"@type":"Organization","@id":"https:\/\/www.eninter.com\/pt-pt\/#organization","name":"Eniter","url":"https:\/\/www.eninter.com\/pt-pt\/","logo":{"@type":"ImageObject","inLanguage":"pt-PT","@id":"https:\/\/www.eninter.com\/pt-pt\/#\/schema\/logo\/image\/","url":"https:\/\/www.eninter.com\/wp-content\/uploads\/2023\/08\/logo-eninter-png.png","contentUrl":"https:\/\/www.eninter.com\/wp-content\/uploads\/2023\/08\/logo-eninter-png.png","width":600,"height":340,"caption":"Eniter"},"image":{"@id":"https:\/\/www.eninter.com\/pt-pt\/#\/schema\/logo\/image\/"},"sameAs":["https:\/\/www.facebook.com\/EninterAscensores","https:\/\/x.com\/Eninter","https:\/\/www.instagram.com\/eninterascensores\/","https:\/\/www.youtube.com\/user\/ascensoreseninter"]}]}},"_links":{"self":[{"href":"https:\/\/www.eninter.com\/pt-pt\/wp-json\/wp\/v2\/pages\/8486","targetHints":{"allow":["GET"]}}],"collection":[{"href":"https:\/\/www.eninter.com\/pt-pt\/wp-json\/wp\/v2\/pages"}],"about":[{"href":"https:\/\/www.eninter.com\/pt-pt\/wp-json\/wp\/v2\/types\/page"}],"author":[{"embeddable":true,"href":"https:\/\/www.eninter.com\/pt-pt\/wp-json\/wp\/v2\/users\/3"}],"replies":[{"embeddable":true,"href":"https:\/\/www.eninter.com\/pt-pt\/wp-json\/wp\/v2\/comments?post=8486"}],"version-history":[{"count":0,"href":"https:\/\/www.eninter.com\/pt-pt\/wp-json\/wp\/v2\/pages\/8486\/revisions"}],"wp:attachment":[{"href":"https:\/\/www.eninter.com\/pt-pt\/wp-json\/wp\/v2\/media?parent=8486"}],"wp:term":[{"taxonomy":"category","embeddable":true,"href":"https:\/\/www.eninter.com\/pt-pt\/wp-json\/wp\/v2\/categories?post=8486"}],"curies":[{"name":"wp","href":"https:\/\/api.w.org\/{rel}","templated":true}]}}